{"id":2014,"date":"2023-03-28T10:23:13","date_gmt":"2023-03-28T10:23:13","guid":{"rendered":"http:\/\/oriolalbaiges.com\/?page_id=2014"},"modified":"2024-03-27T11:43:54","modified_gmt":"2024-03-27T11:43:54","slug":"ubuntu","status":"publish","type":"page","link":"https:\/\/oriolalbaiges.com\/index.php\/ubuntu\/","title":{"rendered":"UBUNTU, EL DESPERTAR"},"content":{"rendered":"\t\t<div data-elementor-type=\"wp-page\" data-elementor-id=\"2014\" class=\"elementor elementor-2014\">\n\t\t\t\t\t\t\t\t\t<section class=\"elementor-section elementor-top-section elementor-element elementor-element-0aa9ac0 elementor-section-boxed elementor-section-height-default elementor-section-height-default\" data-id=\"0aa9ac0\" data-element_type=\"section\">\n\t\t\t\t\t\t<div class=\"elementor-container elementor-column-gap-default\">\n\t\t\t\t\t<div class=\"elementor-column elementor-col-100 elementor-top-column elementor-element elementor-element-2142d60\" data-id=\"2142d60\" data-element_type=\"column\">\n\t\t\t<div class=\"elementor-widget-wrap elementor-element-populated\">\n\t\t\t\t\t\t\t\t<div class=\"elementor-element elementor-element-8c7534a elementor-widget elementor-widget-text-editor\" data-id=\"8c7534a\" data-element_type=\"widget\" data-widget_type=\"text-editor.default\">\n\t\t\t\t<div class=\"elementor-widget-container\">\n\t\t\t<style>\/*! elementor - v3.11.5 - 14-03-2023 *\/\n.elementor-widget-text-editor.elementor-drop-cap-view-stacked .elementor-drop-cap{background-color:#818a91;color:#fff}.elementor-widget-text-editor.elementor-drop-cap-view-framed .elementor-drop-cap{color:#818a91;border:3px solid;background-color:transparent}.elementor-widget-text-editor:not(.elementor-drop-cap-view-default) .elementor-drop-cap{margin-top:8px}.elementor-widget-text-editor:not(.elementor-drop-cap-view-default) .elementor-drop-cap-letter{width:1em;height:1em}.elementor-widget-text-editor .elementor-drop-cap{float:left;text-align:center;line-height:1;font-size:50px}.elementor-widget-text-editor .elementor-drop-cap-letter{display:inline-block}<\/style>\t\t\t\t<p><strong>UBUNTU, EL DESPERTAR DE L&#8217;\u00c0FRICA<\/strong><\/p>\t\t\t\t\t\t<\/div>\n\t\t\t\t<\/div>\n\t\t\t\t\t<\/div>\n\t\t<\/div>\n\t\t\t\t\t\t\t<\/div>\n\t\t<\/section>\n\t\t\t\t<section class=\"elementor-section elementor-top-section elementor-element elementor-element-acb0be6 elementor-section-boxed elementor-section-height-default elementor-section-height-default\" data-id=\"acb0be6\" data-element_type=\"section\">\n\t\t\t\t\t\t<div class=\"elementor-container elementor-column-gap-default\">\n\t\t\t\t\t<div class=\"elementor-column elementor-col-50 elementor-top-column elementor-element elementor-element-79458df\" data-id=\"79458df\" data-element_type=\"column\">\n\t\t\t<div class=\"elementor-widget-wrap elementor-element-populated\">\n\t\t\t\t\t\t\t\t<div class=\"elementor-element elementor-element-fb4213b elementor-widget elementor-widget-text-editor\" data-id=\"fb4213b\" data-element_type=\"widget\" data-widget_type=\"text-editor.default\">\n\t\t\t\t<div class=\"elementor-widget-container\">\n\t\t\t\t\t\t\t<p>Tot i l\u2019enorme potencial de l\u2019\u00c0frica, des de la dist\u00e0ncia el continent s\u2019observa amb una mirada entre la compassi\u00f3 i la condescend\u00e8ncia. Fins avui, pr\u00e0cticament totes les propostes per al desenvolupament es conceben i imposen unilateralment, prenent com a refer\u00e8ncia criteris i valors occidentals, sense tenir en compte les consideracions locals. Els prejudicis poques vegades ofereixen als africans la possibilitat d\u2019expressar-se, perqu\u00e8 preval la idea segons la qual no tenen respostes per als seus propis problemes, i no estan prou capacitats per proposar solucions. El projecte explora el context afric\u00e0 des d\u2019una perspectiva transversal, fugint d\u2019estereotips i paternalismes, posant en valor l\u2019enorme potencial cultural, econ\u00f2mic i hum\u00e0 del continent, amb l\u2019objectiu, entre d\u2019altres, de fomentar el coneixement i el pensament cr\u00edtic.<\/p>\t\t\t\t\t\t<\/div>\n\t\t\t\t<\/div>\n\t\t\t\t\t<\/div>\n\t\t<\/div>\n\t\t\t\t<div class=\"elementor-column elementor-col-50 elementor-top-column elementor-element elementor-element-fc107c6\" data-id=\"fc107c6\" data-element_type=\"column\">\n\t\t\t<div class=\"elementor-widget-wrap elementor-element-populated\">\n\t\t\t\t\t\t\t\t<div class=\"elementor-element elementor-element-718f864 elementor-widget elementor-widget-text-editor\" data-id=\"718f864\" data-element_type=\"widget\" data-widget_type=\"text-editor.default\">\n\t\t\t\t<div class=\"elementor-widget-container\">\n\t\t\t\t\t\t\t<p><em>Despite Africa&#8217;s enormous potential, the continent is often observed from a distance with a gaze that oscillates between compassion and condescension. Until today, virtually all development proposals are conceived and imposed unilaterally, using Western criteria and values as reference points, without taking into account local considerations. Prejudices rarely give Africans the opportunity to express themselves, as the prevailing idea is that they have no answers to their own problems and are not sufficiently capable of proposing solutions. The project explores the African context from a cross-cutting perspective, avoiding stereotypes and paternalism, while highlighting the enormous cultural, economic, and human potential of the continent. The goal, among others, is to foster knowledge and critical thinking.<\/em><\/p>\t\t\t\t\t\t<\/div>\n\t\t\t\t<\/div>\n\t\t\t\t\t<\/div>\n\t\t<\/div>\n\t\t\t\t\t\t\t<\/div>\n\t\t<\/section>\n\t\t\t\t<section class=\"elementor-section elementor-top-section elementor-element elementor-element-bc1a27d elementor-section-boxed elementor-section-height-default elementor-section-height-default\" data-id=\"bc1a27d\" data-element_type=\"section\">\n\t\t\t\t\t\t<div class=\"elementor-container elementor-column-gap-default\">\n\t\t\t\t\t<div class=\"elementor-column elementor-col-100 elementor-top-column elementor-element elementor-element-28c7bcb\" data-id=\"28c7bcb\" data-element_type=\"column\">\n\t\t\t<div class=\"elementor-widget-wrap elementor-element-populated\">\n\t\t\t\t\t\t\t\t<div class=\"elementor-element elementor-element-0391a26 gallery-spacing-custom elementor-widget elementor-widget-image-gallery\" data-id=\"0391a26\" data-element_type=\"widget\" data-widget_type=\"image-gallery.default\">\n\t\t\t\t<div class=\"elementor-widget-container\">\n\t\t\t<style>\/*! elementor - v3.11.5 - 14-03-2023 *\/\n.elementor-image-gallery .gallery-item{display:inline-block;text-align:center;vertical-align:top;width:100%;max-width:100%;margin:0 auto}.elementor-image-gallery .gallery-item img{margin:0 auto}.elementor-image-gallery .gallery-item .gallery-caption{margin:0}.elementor-image-gallery figure img{display:block}.elementor-image-gallery figure figcaption{width:100%}.gallery-spacing-custom .elementor-image-gallery .gallery-icon{padding:0}@media (min-width:768px){.elementor-image-gallery .gallery-columns-2 .gallery-item{max-width:50%}.elementor-image-gallery .gallery-columns-3 .gallery-item{max-width:33.33%}.elementor-image-gallery .gallery-columns-4 .gallery-item{max-width:25%}.elementor-image-gallery .gallery-columns-5 .gallery-item{max-width:20%}.elementor-image-gallery .gallery-columns-6 .gallery-item{max-width:16.666%}.elementor-image-gallery .gallery-columns-7 .gallery-item{max-width:14.28%}.elementor-image-gallery .gallery-columns-8 .gallery-item{max-width:12.5%}.elementor-image-gallery .gallery-columns-9 .gallery-item{max-width:11.11%}.elementor-image-gallery .gallery-columns-10 .gallery-item{max-width:10%}}@media (min-width:480px) and (max-width:767px){.elementor-image-gallery .gallery.gallery-columns-2 .gallery-item,.elementor-image-gallery .gallery.gallery-columns-3 .gallery-item,.elementor-image-gallery .gallery.gallery-columns-4 .gallery-item,.elementor-image-gallery .gallery.gallery-columns-5 .gallery-item,.elementor-image-gallery .gallery.gallery-columns-6 .gallery-item,.elementor-image-gallery .gallery.gallery-columns-7 .gallery-item,.elementor-image-gallery .gallery.gallery-columns-8 .gallery-item,.elementor-image-gallery .gallery.gallery-columns-9 .gallery-item,.elementor-image-gallery .gallery.gallery-columns-10 .gallery-item{max-width:50%}}@media (max-width:479px){.elementor-image-gallery .gallery.gallery-columns-2 .gallery-item,.elementor-image-gallery .gallery.gallery-columns-3 .gallery-item,.elementor-image-gallery .gallery.gallery-columns-4 .gallery-item,.elementor-image-gallery .gallery.gallery-columns-5 .gallery-item,.elementor-image-gallery .gallery.gallery-columns-6 .gallery-item,.elementor-image-gallery .gallery.gallery-columns-7 .gallery-item,.elementor-image-gallery .gallery.gallery-columns-8 .gallery-item,.elementor-image-gallery .gallery.gallery-columns-9 .gallery-item,.elementor-image-gallery .gallery.gallery-columns-10 .gallery-item{max-width:100%}}<\/style>\t\t<div class=\"elementor-image-gallery\">\n\t\t\t<div id='gallery-1' class='gallery galleryid-2014 gallery-columns-1 gallery-size-full'><figure class='gallery-item'>\n\t\t\t<div class='gallery-icon portrait'>\n\t\t\t\t<a data-elementor-open-lightbox=\"yes\" data-elementor-lightbox-slideshow=\"0391a26\" data-e-action-hash=\"#elementor-action%3Aaction%3Dlightbox%26settings%3DeyJpZCI6MjU1OSwidXJsIjoiaHR0cHM6XC9cL29yaW9sYWxiYWlnZXMuY29tXC93cC1jb250ZW50XC91cGxvYWRzXC8yMDIzXC8wNFwvWTZBNjU0NS0yLmpwZyIsInNsaWRlc2hvdyI6IjAzOTFhMjYifQ%3D%3D\" href='https:\/\/oriolalbaiges.com\/wp-content\/uploads\/2023\/04\/Y6A6545-2.jpg'><img loading=\"lazy\" decoding=\"async\" width=\"667\" height=\"1000\" src=\"https:\/\/oriolalbaiges.com\/wp-content\/uploads\/2023\/04\/Y6A6545-2.jpg\" class=\"attachment-full size-full\" alt=\"\" srcset=\"https:\/\/oriolalbaiges.com\/wp-content\/uploads\/2023\/04\/Y6A6545-2.jpg 667w, https:\/\/oriolalbaiges.com\/wp-content\/uploads\/2023\/04\/Y6A6545-2-200x300.jpg 200w\" sizes=\"auto, (max-width: 667px) 100vw, 667px\" \/><\/a>\n\t\t\t<\/div><\/figure><figure class='gallery-item'>\n\t\t\t<div class='gallery-icon landscape'>\n\t\t\t\t<a data-elementor-open-lightbox=\"yes\" data-elementor-lightbox-slideshow=\"0391a26\" data-e-action-hash=\"#elementor-action%3Aaction%3Dlightbox%26settings%3DeyJpZCI6MjU2MywidXJsIjoiaHR0cHM6XC9cL29yaW9sYWxiYWlnZXMuY29tXC93cC1jb250ZW50XC91cGxvYWRzXC8yMDIzXC8wNFwvWTZBNjU1OS5qcGciLCJzbGlkZXNob3ciOiIwMzkxYTI2In0%3D\" href='https:\/\/oriolalbaiges.com\/wp-content\/uploads\/2023\/04\/Y6A6559.jpg'><img loading=\"lazy\" decoding=\"async\" width=\"1500\" height=\"1000\" src=\"https:\/\/oriolalbaiges.com\/wp-content\/uploads\/2023\/04\/Y6A6559.jpg\" class=\"attachment-full size-full\" alt=\"\" srcset=\"https:\/\/oriolalbaiges.com\/wp-content\/uploads\/2023\/04\/Y6A6559.jpg 1500w, https:\/\/oriolalbaiges.com\/wp-content\/uploads\/2023\/04\/Y6A6559-300x200.jpg 300w, https:\/\/oriolalbaiges.com\/wp-content\/uploads\/2023\/04\/Y6A6559-1024x683.jpg 1024w, https:\/\/oriolalbaiges.com\/wp-content\/uploads\/2023\/04\/Y6A6559-768x512.jpg 768w\" sizes=\"auto, (max-width: 1500px) 100vw, 1500px\" \/><\/a>\n\t\t\t<\/div><\/figure><figure class='gallery-item'>\n\t\t\t<div class='gallery-icon landscape'>\n\t\t\t\t<a data-elementor-open-lightbox=\"yes\" data-elementor-lightbox-slideshow=\"0391a26\" data-e-action-hash=\"#elementor-action%3Aaction%3Dlightbox%26settings%3DeyJpZCI6MjU2OCwidXJsIjoiaHR0cHM6XC9cL29yaW9sYWxiYWlnZXMuY29tXC93cC1jb250ZW50XC91cGxvYWRzXC8yMDIzXC8wNFwvWTZBMTY4OC5qcGciLCJzbGlkZXNob3ciOiIwMzkxYTI2In0%3D\" href='https:\/\/oriolalbaiges.com\/wp-content\/uploads\/2023\/04\/Y6A1688.jpg'><img loading=\"lazy\" decoding=\"async\" width=\"1500\" height=\"1000\" src=\"https:\/\/oriolalbaiges.com\/wp-content\/uploads\/2023\/04\/Y6A1688.jpg\" class=\"attachment-full size-full\" alt=\"\" srcset=\"https:\/\/oriolalbaiges.com\/wp-content\/uploads\/2023\/04\/Y6A1688.jpg 1500w, https:\/\/oriolalbaiges.com\/wp-content\/uploads\/2023\/04\/Y6A1688-300x200.jpg 300w, https:\/\/oriolalbaiges.com\/wp-content\/uploads\/2023\/04\/Y6A1688-1024x683.jpg 1024w, https:\/\/oriolalbaiges.com\/wp-content\/uploads\/2023\/04\/Y6A1688-768x512.jpg 768w\" sizes=\"auto, (max-width: 1500px) 100vw, 1500px\" \/><\/a>\n\t\t\t<\/div><\/figure><figure class='gallery-item'>\n\t\t\t<div class='gallery-icon landscape'>\n\t\t\t\t<a data-elementor-open-lightbox=\"yes\" data-elementor-lightbox-slideshow=\"0391a26\" data-e-action-hash=\"#elementor-action%3Aaction%3Dlightbox%26settings%3DeyJpZCI6MjU1OCwidXJsIjoiaHR0cHM6XC9cL29yaW9sYWxiYWlnZXMuY29tXC93cC1jb250ZW50XC91cGxvYWRzXC8yMDIzXC8wNFwvWTZBMTYyMi5qcGciLCJzbGlkZXNob3ciOiIwMzkxYTI2In0%3D\" href='https:\/\/oriolalbaiges.com\/wp-content\/uploads\/2023\/04\/Y6A1622.jpg'><img loading=\"lazy\" decoding=\"async\" width=\"1500\" height=\"1000\" src=\"https:\/\/oriolalbaiges.com\/wp-content\/uploads\/2023\/04\/Y6A1622.jpg\" class=\"attachment-full size-full\" alt=\"\" srcset=\"https:\/\/oriolalbaiges.com\/wp-content\/uploads\/2023\/04\/Y6A1622.jpg 1500w, https:\/\/oriolalbaiges.com\/wp-content\/uploads\/2023\/04\/Y6A1622-300x200.jpg 300w, https:\/\/oriolalbaiges.com\/wp-content\/uploads\/2023\/04\/Y6A1622-1024x683.jpg 1024w, https:\/\/oriolalbaiges.com\/wp-content\/uploads\/2023\/04\/Y6A1622-768x512.jpg 768w\" sizes=\"auto, (max-width: 1500px) 100vw, 1500px\" \/><\/a>\n\t\t\t<\/div><\/figure><figure class='gallery-item'>\n\t\t\t<div class='gallery-icon portrait'>\n\t\t\t\t<a data-elementor-open-lightbox=\"yes\" data-elementor-lightbox-slideshow=\"0391a26\" data-e-action-hash=\"#elementor-action%3Aaction%3Dlightbox%26settings%3DeyJpZCI6MjU3MywidXJsIjoiaHR0cHM6XC9cL29yaW9sYWxiYWlnZXMuY29tXC93cC1jb250ZW50XC91cGxvYWRzXC8yMDIzXC8wNFwvWTZBNjYxOC5qcGciLCJzbGlkZXNob3ciOiIwMzkxYTI2In0%3D\" href='https:\/\/oriolalbaiges.com\/wp-content\/uploads\/2023\/04\/Y6A6618.jpg'><img loading=\"lazy\" decoding=\"async\" width=\"750\" height=\"1000\" src=\"https:\/\/oriolalbaiges.com\/wp-content\/uploads\/2023\/04\/Y6A6618.jpg\" class=\"attachment-full size-full\" alt=\"\" srcset=\"https:\/\/oriolalbaiges.com\/wp-content\/uploads\/2023\/04\/Y6A6618.jpg 750w, https:\/\/oriolalbaiges.com\/wp-content\/uploads\/2023\/04\/Y6A6618-225x300.jpg 225w\" sizes=\"auto, (max-width: 750px) 100vw, 750px\" \/><\/a>\n\t\t\t<\/div><\/figure><figure class='gallery-item'>\n\t\t\t<div class='gallery-icon landscape'>\n\t\t\t\t<a data-elementor-open-lightbox=\"yes\" data-elementor-lightbox-slideshow=\"0391a26\" data-e-action-hash=\"#elementor-action%3Aaction%3Dlightbox%26settings%3DeyJpZCI6MjU3MSwidXJsIjoiaHR0cHM6XC9cL29yaW9sYWxiYWlnZXMuY29tXC93cC1jb250ZW50XC91cGxvYWRzXC8yMDIzXC8wNFwvWTZBMTc3MS5qcGciLCJzbGlkZXNob3ciOiIwMzkxYTI2In0%3D\" href='https:\/\/oriolalbaiges.com\/wp-content\/uploads\/2023\/04\/Y6A1771.jpg'><img loading=\"lazy\" decoding=\"async\" width=\"1500\" height=\"1000\" src=\"https:\/\/oriolalbaiges.com\/wp-content\/uploads\/2023\/04\/Y6A1771.jpg\" class=\"attachment-full size-full\" alt=\"\" srcset=\"https:\/\/oriolalbaiges.com\/wp-content\/uploads\/2023\/04\/Y6A1771.jpg 1500w, https:\/\/oriolalbaiges.com\/wp-content\/uploads\/2023\/04\/Y6A1771-300x200.jpg 300w, https:\/\/oriolalbaiges.com\/wp-content\/uploads\/2023\/04\/Y6A1771-1024x683.jpg 1024w, https:\/\/oriolalbaiges.com\/wp-content\/uploads\/2023\/04\/Y6A1771-768x512.jpg 768w\" sizes=\"auto, (max-width: 1500px) 100vw, 1500px\" \/><\/a>\n\t\t\t<\/div><\/figure><figure class='gallery-item'>\n\t\t\t<div class='gallery-icon landscape'>\n\t\t\t\t<a data-elementor-open-lightbox=\"yes\" data-elementor-lightbox-slideshow=\"0391a26\" data-e-action-hash=\"#elementor-action%3Aaction%3Dlightbox%26settings%3DeyJpZCI6MjU2NywidXJsIjoiaHR0cHM6XC9cL29yaW9sYWxiYWlnZXMuY29tXC93cC1jb250ZW50XC91cGxvYWRzXC8yMDIzXC8wNFwvWTZBNjc4MGIuanBnIiwic2xpZGVzaG93IjoiMDM5MWEyNiJ9\" href='https:\/\/oriolalbaiges.com\/wp-content\/uploads\/2023\/04\/Y6A6780b.jpg'><img loading=\"lazy\" decoding=\"async\" width=\"1500\" height=\"1000\" src=\"https:\/\/oriolalbaiges.com\/wp-content\/uploads\/2023\/04\/Y6A6780b.jpg\" class=\"attachment-full size-full\" alt=\"\" srcset=\"https:\/\/oriolalbaiges.com\/wp-content\/uploads\/2023\/04\/Y6A6780b.jpg 1500w, https:\/\/oriolalbaiges.com\/wp-content\/uploads\/2023\/04\/Y6A6780b-300x200.jpg 300w, https:\/\/oriolalbaiges.com\/wp-content\/uploads\/2023\/04\/Y6A6780b-1024x683.jpg 1024w, https:\/\/oriolalbaiges.com\/wp-content\/uploads\/2023\/04\/Y6A6780b-768x512.jpg 768w\" sizes=\"auto, (max-width: 1500px) 100vw, 1500px\" \/><\/a>\n\t\t\t<\/div><\/figure><figure class='gallery-item'>\n\t\t\t<div class='gallery-icon landscape'>\n\t\t\t\t<a data-elementor-open-lightbox=\"yes\" data-elementor-lightbox-slideshow=\"0391a26\" data-e-action-hash=\"#elementor-action%3Aaction%3Dlightbox%26settings%3DeyJpZCI6MjU2OSwidXJsIjoiaHR0cHM6XC9cL29yaW9sYWxiYWlnZXMuY29tXC93cC1jb250ZW50XC91cGxvYWRzXC8yMDIzXC8wNFwvWTZBNTUyOXNlcmllLUMuanBnIiwic2xpZGVzaG93IjoiMDM5MWEyNiJ9\" href='https:\/\/oriolalbaiges.com\/wp-content\/uploads\/2023\/04\/Y6A5529serie-C.jpg'><img loading=\"lazy\" decoding=\"async\" width=\"1500\" height=\"1000\" src=\"https:\/\/oriolalbaiges.com\/wp-content\/uploads\/2023\/04\/Y6A5529serie-C.jpg\" class=\"attachment-full size-full\" alt=\"\" srcset=\"https:\/\/oriolalbaiges.com\/wp-content\/uploads\/2023\/04\/Y6A5529serie-C.jpg 1500w, https:\/\/oriolalbaiges.com\/wp-content\/uploads\/2023\/04\/Y6A5529serie-C-300x200.jpg 300w, https:\/\/oriolalbaiges.com\/wp-content\/uploads\/2023\/04\/Y6A5529serie-C-1024x683.jpg 1024w, https:\/\/oriolalbaiges.com\/wp-content\/uploads\/2023\/04\/Y6A5529serie-C-768x512.jpg 768w\" sizes=\"auto, (max-width: 1500px) 100vw, 1500px\" \/><\/a>\n\t\t\t<\/div><\/figure><figure class='gallery-item'>\n\t\t\t<div class='gallery-icon landscape'>\n\t\t\t\t<a data-elementor-open-lightbox=\"yes\" data-elementor-lightbox-slideshow=\"0391a26\" data-e-action-hash=\"#elementor-action%3Aaction%3Dlightbox%26settings%3DeyJpZCI6MjU2MiwidXJsIjoiaHR0cHM6XC9cL29yaW9sYWxiYWlnZXMuY29tXC93cC1jb250ZW50XC91cGxvYWRzXC8yMDIzXC8wNFwvWTZBNDUyNy1jb3BpYS5qcGciLCJzbGlkZXNob3ciOiIwMzkxYTI2In0%3D\" href='https:\/\/oriolalbaiges.com\/wp-content\/uploads\/2023\/04\/Y6A4527-copia.jpg'><img loading=\"lazy\" decoding=\"async\" width=\"1500\" height=\"1000\" src=\"https:\/\/oriolalbaiges.com\/wp-content\/uploads\/2023\/04\/Y6A4527-copia.jpg\" class=\"attachment-full size-full\" alt=\"\" srcset=\"https:\/\/oriolalbaiges.com\/wp-content\/uploads\/2023\/04\/Y6A4527-copia.jpg 1500w, https:\/\/oriolalbaiges.com\/wp-content\/uploads\/2023\/04\/Y6A4527-copia-300x200.jpg 300w, https:\/\/oriolalbaiges.com\/wp-content\/uploads\/2023\/04\/Y6A4527-copia-1024x683.jpg 1024w, https:\/\/oriolalbaiges.com\/wp-content\/uploads\/2023\/04\/Y6A4527-copia-768x512.jpg 768w\" sizes=\"auto, (max-width: 1500px) 100vw, 1500px\" \/><\/a>\n\t\t\t<\/div><\/figure><figure class='gallery-item'>\n\t\t\t<div class='gallery-icon landscape'>\n\t\t\t\t<a data-elementor-open-lightbox=\"yes\" data-elementor-lightbox-slideshow=\"0391a26\" data-e-action-hash=\"#elementor-action%3Aaction%3Dlightbox%26settings%3DeyJpZCI6MjU2MCwidXJsIjoiaHR0cHM6XC9cL29yaW9sYWxiYWlnZXMuY29tXC93cC1jb250ZW50XC91cGxvYWRzXC8yMDIzXC8wNFwvWTZBOTg2Mi5qcGciLCJzbGlkZXNob3ciOiIwMzkxYTI2In0%3D\" href='https:\/\/oriolalbaiges.com\/wp-content\/uploads\/2023\/04\/Y6A9862.jpg'><img loading=\"lazy\" decoding=\"async\" width=\"1500\" height=\"1000\" src=\"https:\/\/oriolalbaiges.com\/wp-content\/uploads\/2023\/04\/Y6A9862.jpg\" class=\"attachment-full size-full\" alt=\"\" srcset=\"https:\/\/oriolalbaiges.com\/wp-content\/uploads\/2023\/04\/Y6A9862.jpg 1500w, https:\/\/oriolalbaiges.com\/wp-content\/uploads\/2023\/04\/Y6A9862-300x200.jpg 300w, https:\/\/oriolalbaiges.com\/wp-content\/uploads\/2023\/04\/Y6A9862-1024x683.jpg 1024w, https:\/\/oriolalbaiges.com\/wp-content\/uploads\/2023\/04\/Y6A9862-768x512.jpg 768w\" sizes=\"auto, (max-width: 1500px) 100vw, 1500px\" \/><\/a>\n\t\t\t<\/div><\/figure><figure class='gallery-item'>\n\t\t\t<div class='gallery-icon landscape'>\n\t\t\t\t<a data-elementor-open-lightbox=\"yes\" data-elementor-lightbox-slideshow=\"0391a26\" data-e-action-hash=\"#elementor-action%3Aaction%3Dlightbox%26settings%3DeyJpZCI6MjU2MSwidXJsIjoiaHR0cHM6XC9cL29yaW9sYWxiYWlnZXMuY29tXC93cC1jb250ZW50XC91cGxvYWRzXC8yMDIzXC8wNFwvWTZBOTkwNC5qcGciLCJzbGlkZXNob3ciOiIwMzkxYTI2In0%3D\" href='https:\/\/oriolalbaiges.com\/wp-content\/uploads\/2023\/04\/Y6A9904.jpg'><img loading=\"lazy\" decoding=\"async\" width=\"1500\" height=\"1000\" src=\"https:\/\/oriolalbaiges.com\/wp-content\/uploads\/2023\/04\/Y6A9904.jpg\" class=\"attachment-full size-full\" alt=\"\" srcset=\"https:\/\/oriolalbaiges.com\/wp-content\/uploads\/2023\/04\/Y6A9904.jpg 1500w, https:\/\/oriolalbaiges.com\/wp-content\/uploads\/2023\/04\/Y6A9904-300x200.jpg 300w, https:\/\/oriolalbaiges.com\/wp-content\/uploads\/2023\/04\/Y6A9904-1024x683.jpg 1024w, https:\/\/oriolalbaiges.com\/wp-content\/uploads\/2023\/04\/Y6A9904-768x512.jpg 768w\" sizes=\"auto, (max-width: 1500px) 100vw, 1500px\" \/><\/a>\n\t\t\t<\/div><\/figure><figure class='gallery-item'>\n\t\t\t<div class='gallery-icon landscape'>\n\t\t\t\t<a data-elementor-open-lightbox=\"yes\" data-elementor-lightbox-slideshow=\"0391a26\" data-e-action-hash=\"#elementor-action%3Aaction%3Dlightbox%26settings%3DeyJpZCI6MjU2NCwidXJsIjoiaHR0cHM6XC9cL29yaW9sYWxiYWlnZXMuY29tXC93cC1jb250ZW50XC91cGxvYWRzXC8yMDIzXC8wNFwvWTZBNzM2N0IuanBnIiwic2xpZGVzaG93IjoiMDM5MWEyNiJ9\" href='https:\/\/oriolalbaiges.com\/wp-content\/uploads\/2023\/04\/Y6A7367B.jpg'><img loading=\"lazy\" decoding=\"async\" width=\"1500\" height=\"1000\" src=\"https:\/\/oriolalbaiges.com\/wp-content\/uploads\/2023\/04\/Y6A7367B.jpg\" class=\"attachment-full size-full\" alt=\"\" srcset=\"https:\/\/oriolalbaiges.com\/wp-content\/uploads\/2023\/04\/Y6A7367B.jpg 1500w, https:\/\/oriolalbaiges.com\/wp-content\/uploads\/2023\/04\/Y6A7367B-300x200.jpg 300w, https:\/\/oriolalbaiges.com\/wp-content\/uploads\/2023\/04\/Y6A7367B-1024x683.jpg 1024w, https:\/\/oriolalbaiges.com\/wp-content\/uploads\/2023\/04\/Y6A7367B-768x512.jpg 768w\" sizes=\"auto, (max-width: 1500px) 100vw, 1500px\" \/><\/a>\n\t\t\t<\/div><\/figure><figure class='gallery-item'>\n\t\t\t<div class='gallery-icon landscape'>\n\t\t\t\t<a data-elementor-open-lightbox=\"yes\" data-elementor-lightbox-slideshow=\"0391a26\" data-e-action-hash=\"#elementor-action%3Aaction%3Dlightbox%26settings%3DeyJpZCI6MjU2NSwidXJsIjoiaHR0cHM6XC9cL29yaW9sYWxiYWlnZXMuY29tXC93cC1jb250ZW50XC91cGxvYWRzXC8yMDIzXC8wNFwvWTZBMzY0Ni5qcGciLCJzbGlkZXNob3ciOiIwMzkxYTI2In0%3D\" href='https:\/\/oriolalbaiges.com\/wp-content\/uploads\/2023\/04\/Y6A3646.jpg'><img loading=\"lazy\" decoding=\"async\" width=\"1500\" height=\"1000\" src=\"https:\/\/oriolalbaiges.com\/wp-content\/uploads\/2023\/04\/Y6A3646.jpg\" class=\"attachment-full size-full\" alt=\"\" srcset=\"https:\/\/oriolalbaiges.com\/wp-content\/uploads\/2023\/04\/Y6A3646.jpg 1500w, https:\/\/oriolalbaiges.com\/wp-content\/uploads\/2023\/04\/Y6A3646-300x200.jpg 300w, https:\/\/oriolalbaiges.com\/wp-content\/uploads\/2023\/04\/Y6A3646-1024x683.jpg 1024w, https:\/\/oriolalbaiges.com\/wp-content\/uploads\/2023\/04\/Y6A3646-768x512.jpg 768w\" sizes=\"auto, (max-width: 1500px) 100vw, 1500px\" \/><\/a>\n\t\t\t<\/div><\/figure><figure class='gallery-item'>\n\t\t\t<div class='gallery-icon landscape'>\n\t\t\t\t<a data-elementor-open-lightbox=\"yes\" data-elementor-lightbox-slideshow=\"0391a26\" data-e-action-hash=\"#elementor-action%3Aaction%3Dlightbox%26settings%3DeyJpZCI6MjU3MCwidXJsIjoiaHR0cHM6XC9cL29yaW9sYWxiYWlnZXMuY29tXC93cC1jb250ZW50XC91cGxvYWRzXC8yMDIzXC8wNFwvWTZBOTk5My5qcGciLCJzbGlkZXNob3ciOiIwMzkxYTI2In0%3D\" href='https:\/\/oriolalbaiges.com\/wp-content\/uploads\/2023\/04\/Y6A9993.jpg'><img loading=\"lazy\" decoding=\"async\" width=\"1500\" height=\"1000\" src=\"https:\/\/oriolalbaiges.com\/wp-content\/uploads\/2023\/04\/Y6A9993.jpg\" class=\"attachment-full size-full\" alt=\"\" srcset=\"https:\/\/oriolalbaiges.com\/wp-content\/uploads\/2023\/04\/Y6A9993.jpg 1500w, https:\/\/oriolalbaiges.com\/wp-content\/uploads\/2023\/04\/Y6A9993-300x200.jpg 300w, https:\/\/oriolalbaiges.com\/wp-content\/uploads\/2023\/04\/Y6A9993-1024x683.jpg 1024w, https:\/\/oriolalbaiges.com\/wp-content\/uploads\/2023\/04\/Y6A9993-768x512.jpg 768w\" sizes=\"auto, (max-width: 1500px) 100vw, 1500px\" \/><\/a>\n\t\t\t<\/div><\/figure>\n\t\t<\/div>\n\t\t<\/div>\n\t\t\t\t<\/div>\n\t\t\t\t<\/div>\n\t\t\t\t\t<\/div>\n\t\t<\/div>\n\t\t\t\t\t\t\t<\/div>\n\t\t<\/section>\n\t\t\t\t\t\t\t<\/div>\n\t\t","protected":false},"excerpt":{"rendered":"<p>UBUNTU, EL DESPERTAR DE L&#8217;\u00c0FRICA Tot i l\u2019enorme potencial de l\u2019\u00c0frica, des de la dist\u00e0ncia el continent s\u2019observa amb una mirada entre la compassi\u00f3 i la condescend\u00e8ncia. Fins avui, pr\u00e0cticament totes les propostes per al desenvolupament es conceben i imposen unilateralment, prenent com a refer\u00e8ncia criteris i valors occidentals, sense tenir en compte les consideracions &hellip;<\/p>\n<p class=\"read-more\"> <a class=\"\" href=\"https:\/\/oriolalbaiges.com\/index.php\/ubuntu\/\"> <span class=\"screen-reader-text\">UBUNTU, EL DESPERTAR<\/span> Read More &raquo;<\/a><\/p>\n","protected":false},"author":1,"featured_media":0,"parent":0,"menu_order":0,"comment_status":"closed","ping_status":"closed","template":"","meta":{"_uag_custom_page_level_css":"","site-sidebar-layout":"no-sidebar","site-content-layout":"page-builder","ast-global-header-display":"","ast-main-header-display":"","ast-hfb-above-header-display":"","ast-hfb-below-header-display":"","ast-hfb-mobile-header-display":"","site-post-title":"disabled","ast-breadcrumbs-content":"","ast-featured-img":"disabled","footer-sml-layout":"","theme-transparent-header-meta":"","adv-header-id-meta":"","stick-header-meta":"","header-above-stick-meta":"","header-main-stick-meta":"","header-below-stick-meta":"","ngg_post_thumbnail":0,"footnotes":""},"class_list":["post-2014","page","type-page","status-publish","hentry"],"uagb_featured_image_src":{"full":false,"thumbnail":false,"medium":false,"medium_large":false,"large":false,"RoboGalleryMansoryImagesCenter":false,"RoboGalleryPreload":false,"1536x1536":false,"2048x2048":false},"uagb_author_info":{"display_name":"oriolalbaiges","author_link":"https:\/\/oriolalbaiges.com\/index.php\/author\/oriolalbaiges\/"},"uagb_comment_info":0,"uagb_excerpt":"UBUNTU, EL DESPERTAR DE L&#8217;\u00c0FRICA Tot i l\u2019enorme potencial de l\u2019\u00c0frica, des de la dist\u00e0ncia el continent s\u2019observa amb una mirada entre la compassi\u00f3 i la condescend\u00e8ncia. Fins avui, pr\u00e0cticament totes les propostes per al desenvolupament es conceben i imposen unilateralment, prenent com a refer\u00e8ncia criteris i valors occidentals, sense tenir en compte les consideracions&hellip;","_links":{"self":[{"href":"https:\/\/oriolalbaiges.com\/index.php\/wp-json\/wp\/v2\/pages\/2014","targetHints":{"allow":["GET"]}}],"collection":[{"href":"https:\/\/oriolalbaiges.com\/index.php\/wp-json\/wp\/v2\/pages"}],"about":[{"href":"https:\/\/oriolalbaiges.com\/index.php\/wp-json\/wp\/v2\/types\/page"}],"author":[{"embeddable":true,"href":"https:\/\/oriolalbaiges.com\/index.php\/wp-json\/wp\/v2\/users\/1"}],"replies":[{"embeddable":true,"href":"https:\/\/oriolalbaiges.com\/index.php\/wp-json\/wp\/v2\/comments?post=2014"}],"version-history":[{"count":41,"href":"https:\/\/oriolalbaiges.com\/index.php\/wp-json\/wp\/v2\/pages\/2014\/revisions"}],"predecessor-version":[{"id":3313,"href":"https:\/\/oriolalbaiges.com\/index.php\/wp-json\/wp\/v2\/pages\/2014\/revisions\/3313"}],"wp:attachment":[{"href":"https:\/\/oriolalbaiges.com\/index.php\/wp-json\/wp\/v2\/media?parent=2014"}],"curies":[{"name":"wp","href":"https:\/\/api.w.org\/{rel}","templated":true}]}}