{"id":2260,"date":"2023-03-28T19:14:31","date_gmt":"2023-03-28T19:14:31","guid":{"rendered":"http:\/\/oriolalbaiges.com\/?page_id=2260"},"modified":"2024-03-27T13:30:41","modified_gmt":"2024-03-27T13:30:41","slug":"comerc-i-consum","status":"publish","type":"page","link":"https:\/\/oriolalbaiges.com\/index.php\/comerc-i-consum\/","title":{"rendered":"EL REBOST D&#8217;ADALET"},"content":{"rendered":"\t\t<div data-elementor-type=\"wp-page\" data-elementor-id=\"2260\" class=\"elementor elementor-2260\">\n\t\t\t\t\t\t\t\t\t<section class=\"elementor-section elementor-top-section elementor-element elementor-element-51d1ccf elementor-section-boxed elementor-section-height-default elementor-section-height-default\" data-id=\"51d1ccf\" data-element_type=\"section\">\n\t\t\t\t\t\t<div class=\"elementor-container elementor-column-gap-default\">\n\t\t\t\t\t<div class=\"elementor-column elementor-col-100 elementor-top-column elementor-element elementor-element-690c8d7\" data-id=\"690c8d7\" data-element_type=\"column\">\n\t\t\t<div class=\"elementor-widget-wrap elementor-element-populated\">\n\t\t\t\t\t\t\t\t<div class=\"elementor-element elementor-element-3fcce30 elementor-widget elementor-widget-text-editor\" data-id=\"3fcce30\" data-element_type=\"widget\" data-widget_type=\"text-editor.default\">\n\t\t\t\t<div class=\"elementor-widget-container\">\n\t\t\t<style>\/*! elementor - v3.11.5 - 14-03-2023 *\/\n.elementor-widget-text-editor.elementor-drop-cap-view-stacked .elementor-drop-cap{background-color:#818a91;color:#fff}.elementor-widget-text-editor.elementor-drop-cap-view-framed .elementor-drop-cap{color:#818a91;border:3px solid;background-color:transparent}.elementor-widget-text-editor:not(.elementor-drop-cap-view-default) .elementor-drop-cap{margin-top:8px}.elementor-widget-text-editor:not(.elementor-drop-cap-view-default) .elementor-drop-cap-letter{width:1em;height:1em}.elementor-widget-text-editor .elementor-drop-cap{float:left;text-align:center;line-height:1;font-size:50px}.elementor-widget-text-editor .elementor-drop-cap-letter{display:inline-block}<\/style>\t\t\t\t<p><b>EL REBOST D\u2019ADALET<\/b><\/p>\t\t\t\t\t\t<\/div>\n\t\t\t\t<\/div>\n\t\t\t\t\t<\/div>\n\t\t<\/div>\n\t\t\t\t\t\t\t<\/div>\n\t\t<\/section>\n\t\t\t\t<section class=\"elementor-section elementor-top-section elementor-element elementor-element-bd2e72b elementor-section-boxed elementor-section-height-default elementor-section-height-default\" data-id=\"bd2e72b\" data-element_type=\"section\">\n\t\t\t\t\t\t<div class=\"elementor-container elementor-column-gap-default\">\n\t\t\t\t\t<div class=\"elementor-column elementor-col-50 elementor-top-column elementor-element elementor-element-b29bea6\" data-id=\"b29bea6\" data-element_type=\"column\">\n\t\t\t<div class=\"elementor-widget-wrap elementor-element-populated\">\n\t\t\t\t\t\t\t\t<div class=\"elementor-element elementor-element-05ebc82 elementor-widget elementor-widget-text-editor\" data-id=\"05ebc82\" data-element_type=\"widget\" data-widget_type=\"text-editor.default\">\n\t\t\t\t<div class=\"elementor-widget-container\">\n\t\t\t\t\t\t\t<p>El desenvolupament brinda als consumidors un acc\u00e9s sense precedents als aliments, especialment a les llars de m\u00e9s baixos ingressos. No obstant aix\u00f2, el model actual de producci\u00f3 i consum planteja desafiaments ambientals i socials importants. D\u2019una banda, milions de persones, sobretot a les zones rurals de l\u2019\u00c0sia i de l\u2019\u00c0frica Subsahariana, viuen d\u2019agricultures de subsist\u00e8ncia. \u00c9s a dir, nom\u00e9s consumeixen el que elles mateixes s\u00f3n capaces de produir. De l\u2019altra, moltes societats estan immerses en una versi\u00f3 poc amable del consum: el consumisme, que empeny els consumidors a adquirir compulsivament m\u00e9s i m\u00e9s productes, fins i tot quan no s\u00f3n necessaris. El Rebost d\u2019Adalet \u00e9s un viatge a trav\u00e9s dels diferents engranatges que conformen la roda del consum dels aliments, amb l\u2019objectiu d\u2019aportar elements per a la reflexi\u00f3 que contribueixin a la construcci\u00f3 d\u2019un m\u00f3n socialment m\u00e9s just, i ambientalment m\u00e9s sostenible.<\/p><p>\u00a0<\/p><p><a href=\"https:\/\/www.elrebostdadalet.cat\" target=\"_blank\" rel=\"noopener\"><strong>www.elrebostdadalet.cat<\/strong><\/a><\/p>\t\t\t\t\t\t<\/div>\n\t\t\t\t<\/div>\n\t\t\t\t\t<\/div>\n\t\t<\/div>\n\t\t\t\t<div class=\"elementor-column elementor-col-50 elementor-top-column elementor-element elementor-element-b51682e\" data-id=\"b51682e\" data-element_type=\"column\">\n\t\t\t<div class=\"elementor-widget-wrap elementor-element-populated\">\n\t\t\t\t\t\t\t\t<div class=\"elementor-element elementor-element-89f1117 elementor-widget elementor-widget-text-editor\" data-id=\"89f1117\" data-element_type=\"widget\" data-widget_type=\"text-editor.default\">\n\t\t\t\t<div class=\"elementor-widget-container\">\n\t\t\t\t\t\t\t<p><em>Development provides consumers with unprecedented access to food, especially in low-income households. However, the current model of production and consumption poses significant environmental and social challenges. On one hand, millions of people, particularly in rural areas of Asia and Sub-Saharan Africa, rely on subsistence agriculture. That is, they consume only what they themselves are able to produce. On the other hand, many societies are immersed in a less friendly version of consumption: consumerism, which drives consumers to compulsively acquire more and more products, even when they are not necessary. &#8220;Adalet&#8217;s Pantry&#8221; is a journey through the different gears that make up the wheel of food consumption, with the aim of providing elements for reflection that contribute to the construction of a socially more just and environmentally sustainable world.<\/em><\/p>\t\t\t\t\t\t<\/div>\n\t\t\t\t<\/div>\n\t\t\t\t\t<\/div>\n\t\t<\/div>\n\t\t\t\t\t\t\t<\/div>\n\t\t<\/section>\n\t\t\t\t<section class=\"elementor-section elementor-top-section elementor-element elementor-element-dc0b803 elementor-section-boxed elementor-section-height-default elementor-section-height-default\" data-id=\"dc0b803\" data-element_type=\"section\">\n\t\t\t\t\t\t<div class=\"elementor-container elementor-column-gap-default\">\n\t\t\t\t\t<div class=\"elementor-column elementor-col-100 elementor-top-column elementor-element elementor-element-20d8881\" data-id=\"20d8881\" data-element_type=\"column\">\n\t\t\t<div class=\"elementor-widget-wrap elementor-element-populated\">\n\t\t\t\t\t\t\t\t<div class=\"elementor-element elementor-element-82a3eb4 gallery-spacing-custom elementor-widget elementor-widget-image-gallery\" data-id=\"82a3eb4\" data-element_type=\"widget\" data-widget_type=\"image-gallery.default\">\n\t\t\t\t<div class=\"elementor-widget-container\">\n\t\t\t<style>\/*! elementor - v3.11.5 - 14-03-2023 *\/\n.elementor-image-gallery .gallery-item{display:inline-block;text-align:center;vertical-align:top;width:100%;max-width:100%;margin:0 auto}.elementor-image-gallery .gallery-item img{margin:0 auto}.elementor-image-gallery .gallery-item .gallery-caption{margin:0}.elementor-image-gallery figure img{display:block}.elementor-image-gallery figure figcaption{width:100%}.gallery-spacing-custom .elementor-image-gallery .gallery-icon{padding:0}@media (min-width:768px){.elementor-image-gallery .gallery-columns-2 .gallery-item{max-width:50%}.elementor-image-gallery .gallery-columns-3 .gallery-item{max-width:33.33%}.elementor-image-gallery .gallery-columns-4 .gallery-item{max-width:25%}.elementor-image-gallery .gallery-columns-5 .gallery-item{max-width:20%}.elementor-image-gallery .gallery-columns-6 .gallery-item{max-width:16.666%}.elementor-image-gallery .gallery-columns-7 .gallery-item{max-width:14.28%}.elementor-image-gallery .gallery-columns-8 .gallery-item{max-width:12.5%}.elementor-image-gallery .gallery-columns-9 .gallery-item{max-width:11.11%}.elementor-image-gallery .gallery-columns-10 .gallery-item{max-width:10%}}@media (min-width:480px) and (max-width:767px){.elementor-image-gallery .gallery.gallery-columns-2 .gallery-item,.elementor-image-gallery .gallery.gallery-columns-3 .gallery-item,.elementor-image-gallery .gallery.gallery-columns-4 .gallery-item,.elementor-image-gallery .gallery.gallery-columns-5 .gallery-item,.elementor-image-gallery .gallery.gallery-columns-6 .gallery-item,.elementor-image-gallery .gallery.gallery-columns-7 .gallery-item,.elementor-image-gallery .gallery.gallery-columns-8 .gallery-item,.elementor-image-gallery .gallery.gallery-columns-9 .gallery-item,.elementor-image-gallery .gallery.gallery-columns-10 .gallery-item{max-width:50%}}@media (max-width:479px){.elementor-image-gallery .gallery.gallery-columns-2 .gallery-item,.elementor-image-gallery .gallery.gallery-columns-3 .gallery-item,.elementor-image-gallery .gallery.gallery-columns-4 .gallery-item,.elementor-image-gallery .gallery.gallery-columns-5 .gallery-item,.elementor-image-gallery .gallery.gallery-columns-6 .gallery-item,.elementor-image-gallery .gallery.gallery-columns-7 .gallery-item,.elementor-image-gallery .gallery.gallery-columns-8 .gallery-item,.elementor-image-gallery .gallery.gallery-columns-9 .gallery-item,.elementor-image-gallery .gallery.gallery-columns-10 .gallery-item{max-width:100%}}<\/style>\t\t<div class=\"elementor-image-gallery\">\n\t\t\t<div id='gallery-1' class='gallery galleryid-2260 gallery-columns-1 gallery-size-full'><figure class='gallery-item'>\n\t\t\t<div class='gallery-icon landscape'>\n\t\t\t\t<a data-elementor-open-lightbox=\"yes\" data-elementor-lightbox-slideshow=\"82a3eb4\" data-e-action-hash=\"#elementor-action%3Aaction%3Dlightbox%26settings%3DeyJpZCI6MjY3NiwidXJsIjoiaHR0cHM6XC9cL29yaW9sYWxiYWlnZXMuY29tXC93cC1jb250ZW50XC91cGxvYWRzXC8yMDIzXC8wNFwvWTZBODc4Ny0yLmpwZyIsInNsaWRlc2hvdyI6IjgyYTNlYjQifQ%3D%3D\" href='https:\/\/oriolalbaiges.com\/wp-content\/uploads\/2023\/04\/Y6A8787-2.jpg'><img loading=\"lazy\" decoding=\"async\" width=\"1500\" height=\"1000\" src=\"https:\/\/oriolalbaiges.com\/wp-content\/uploads\/2023\/04\/Y6A8787-2.jpg\" class=\"attachment-full size-full\" alt=\"\" srcset=\"https:\/\/oriolalbaiges.com\/wp-content\/uploads\/2023\/04\/Y6A8787-2.jpg 1500w, https:\/\/oriolalbaiges.com\/wp-content\/uploads\/2023\/04\/Y6A8787-2-300x200.jpg 300w, https:\/\/oriolalbaiges.com\/wp-content\/uploads\/2023\/04\/Y6A8787-2-1024x683.jpg 1024w, https:\/\/oriolalbaiges.com\/wp-content\/uploads\/2023\/04\/Y6A8787-2-768x512.jpg 768w\" sizes=\"auto, (max-width: 1500px) 100vw, 1500px\" \/><\/a>\n\t\t\t<\/div><\/figure><figure class='gallery-item'>\n\t\t\t<div class='gallery-icon landscape'>\n\t\t\t\t<a data-elementor-open-lightbox=\"yes\" data-elementor-lightbox-slideshow=\"82a3eb4\" data-e-action-hash=\"#elementor-action%3Aaction%3Dlightbox%26settings%3DeyJpZCI6MjY3MiwidXJsIjoiaHR0cHM6XC9cL29yaW9sYWxiYWlnZXMuY29tXC93cC1jb250ZW50XC91cGxvYWRzXC8yMDIzXC8wNFwvWTZBNTQxNHNlcmllLUEuanBnIiwic2xpZGVzaG93IjoiODJhM2ViNCJ9\" href='https:\/\/oriolalbaiges.com\/wp-content\/uploads\/2023\/04\/Y6A5414serie-A.jpg'><img loading=\"lazy\" decoding=\"async\" width=\"1500\" height=\"1000\" src=\"https:\/\/oriolalbaiges.com\/wp-content\/uploads\/2023\/04\/Y6A5414serie-A.jpg\" class=\"attachment-full size-full\" alt=\"\" srcset=\"https:\/\/oriolalbaiges.com\/wp-content\/uploads\/2023\/04\/Y6A5414serie-A.jpg 1500w, https:\/\/oriolalbaiges.com\/wp-content\/uploads\/2023\/04\/Y6A5414serie-A-300x200.jpg 300w, https:\/\/oriolalbaiges.com\/wp-content\/uploads\/2023\/04\/Y6A5414serie-A-1024x683.jpg 1024w, https:\/\/oriolalbaiges.com\/wp-content\/uploads\/2023\/04\/Y6A5414serie-A-768x512.jpg 768w\" sizes=\"auto, (max-width: 1500px) 100vw, 1500px\" \/><\/a>\n\t\t\t<\/div><\/figure><figure class='gallery-item'>\n\t\t\t<div class='gallery-icon landscape'>\n\t\t\t\t<a data-elementor-open-lightbox=\"yes\" data-elementor-lightbox-slideshow=\"82a3eb4\" data-e-action-hash=\"#elementor-action%3Aaction%3Dlightbox%26settings%3DeyJpZCI6MjY4NCwidXJsIjoiaHR0cHM6XC9cL29yaW9sYWxiYWlnZXMuY29tXC93cC1jb250ZW50XC91cGxvYWRzXC8yMDIzXC8wNFwvUDEzMDA5MTQuanBnIiwic2xpZGVzaG93IjoiODJhM2ViNCJ9\" href='https:\/\/oriolalbaiges.com\/wp-content\/uploads\/2023\/04\/P1300914.jpg'><img loading=\"lazy\" decoding=\"async\" width=\"1500\" height=\"1125\" src=\"https:\/\/oriolalbaiges.com\/wp-content\/uploads\/2023\/04\/P1300914.jpg\" class=\"attachment-full size-full\" alt=\"\" srcset=\"https:\/\/oriolalbaiges.com\/wp-content\/uploads\/2023\/04\/P1300914.jpg 1500w, https:\/\/oriolalbaiges.com\/wp-content\/uploads\/2023\/04\/P1300914-300x225.jpg 300w, https:\/\/oriolalbaiges.com\/wp-content\/uploads\/2023\/04\/P1300914-1024x768.jpg 1024w, https:\/\/oriolalbaiges.com\/wp-content\/uploads\/2023\/04\/P1300914-768x576.jpg 768w\" sizes=\"auto, (max-width: 1500px) 100vw, 1500px\" \/><\/a>\n\t\t\t<\/div><\/figure><figure class='gallery-item'>\n\t\t\t<div class='gallery-icon landscape'>\n\t\t\t\t<a data-elementor-open-lightbox=\"yes\" data-elementor-lightbox-slideshow=\"82a3eb4\" data-e-action-hash=\"#elementor-action%3Aaction%3Dlightbox%26settings%3DeyJpZCI6MjY4MiwidXJsIjoiaHR0cHM6XC9cL29yaW9sYWxiYWlnZXMuY29tXC93cC1jb250ZW50XC91cGxvYWRzXC8yMDIzXC8wNFwvUDEyODA4NDcuanBnIiwic2xpZGVzaG93IjoiODJhM2ViNCJ9\" href='https:\/\/oriolalbaiges.com\/wp-content\/uploads\/2023\/04\/P1280847.jpg'><img loading=\"lazy\" decoding=\"async\" width=\"1500\" height=\"1125\" src=\"https:\/\/oriolalbaiges.com\/wp-content\/uploads\/2023\/04\/P1280847.jpg\" class=\"attachment-full size-full\" alt=\"\" srcset=\"https:\/\/oriolalbaiges.com\/wp-content\/uploads\/2023\/04\/P1280847.jpg 1500w, https:\/\/oriolalbaiges.com\/wp-content\/uploads\/2023\/04\/P1280847-300x225.jpg 300w, https:\/\/oriolalbaiges.com\/wp-content\/uploads\/2023\/04\/P1280847-1024x768.jpg 1024w, https:\/\/oriolalbaiges.com\/wp-content\/uploads\/2023\/04\/P1280847-768x576.jpg 768w\" sizes=\"auto, (max-width: 1500px) 100vw, 1500px\" \/><\/a>\n\t\t\t<\/div><\/figure><figure class='gallery-item'>\n\t\t\t<div class='gallery-icon landscape'>\n\t\t\t\t<a data-elementor-open-lightbox=\"yes\" data-elementor-lightbox-slideshow=\"82a3eb4\" data-e-action-hash=\"#elementor-action%3Aaction%3Dlightbox%26settings%3DeyJpZCI6MjY4MSwidXJsIjoiaHR0cHM6XC9cL29yaW9sYWxiYWlnZXMuY29tXC93cC1jb250ZW50XC91cGxvYWRzXC8yMDIzXC8wNFwvUDEyMzA1ODIuanBnIiwic2xpZGVzaG93IjoiODJhM2ViNCJ9\" href='https:\/\/oriolalbaiges.com\/wp-content\/uploads\/2023\/04\/P1230582.jpg'><img loading=\"lazy\" decoding=\"async\" width=\"1500\" height=\"1125\" src=\"https:\/\/oriolalbaiges.com\/wp-content\/uploads\/2023\/04\/P1230582.jpg\" class=\"attachment-full size-full\" alt=\"\" srcset=\"https:\/\/oriolalbaiges.com\/wp-content\/uploads\/2023\/04\/P1230582.jpg 1500w, https:\/\/oriolalbaiges.com\/wp-content\/uploads\/2023\/04\/P1230582-300x225.jpg 300w, https:\/\/oriolalbaiges.com\/wp-content\/uploads\/2023\/04\/P1230582-1024x768.jpg 1024w, https:\/\/oriolalbaiges.com\/wp-content\/uploads\/2023\/04\/P1230582-768x576.jpg 768w\" sizes=\"auto, (max-width: 1500px) 100vw, 1500px\" \/><\/a>\n\t\t\t<\/div><\/figure><figure class='gallery-item'>\n\t\t\t<div class='gallery-icon landscape'>\n\t\t\t\t<a data-elementor-open-lightbox=\"yes\" data-elementor-lightbox-slideshow=\"82a3eb4\" data-e-action-hash=\"#elementor-action%3Aaction%3Dlightbox%26settings%3DeyJpZCI6MjY3NCwidXJsIjoiaHR0cHM6XC9cL29yaW9sYWxiYWlnZXMuY29tXC93cC1jb250ZW50XC91cGxvYWRzXC8yMDIzXC8wNFwvWTZBNjUxOC5qcGciLCJzbGlkZXNob3ciOiI4MmEzZWI0In0%3D\" href='https:\/\/oriolalbaiges.com\/wp-content\/uploads\/2023\/04\/Y6A6518.jpg'><img loading=\"lazy\" decoding=\"async\" width=\"1500\" height=\"1000\" src=\"https:\/\/oriolalbaiges.com\/wp-content\/uploads\/2023\/04\/Y6A6518.jpg\" class=\"attachment-full size-full\" alt=\"\" srcset=\"https:\/\/oriolalbaiges.com\/wp-content\/uploads\/2023\/04\/Y6A6518.jpg 1500w, https:\/\/oriolalbaiges.com\/wp-content\/uploads\/2023\/04\/Y6A6518-300x200.jpg 300w, https:\/\/oriolalbaiges.com\/wp-content\/uploads\/2023\/04\/Y6A6518-1024x683.jpg 1024w, https:\/\/oriolalbaiges.com\/wp-content\/uploads\/2023\/04\/Y6A6518-768x512.jpg 768w\" sizes=\"auto, (max-width: 1500px) 100vw, 1500px\" \/><\/a>\n\t\t\t<\/div><\/figure><figure class='gallery-item'>\n\t\t\t<div class='gallery-icon landscape'>\n\t\t\t\t<a data-elementor-open-lightbox=\"yes\" data-elementor-lightbox-slideshow=\"82a3eb4\" data-e-action-hash=\"#elementor-action%3Aaction%3Dlightbox%26settings%3DeyJpZCI6MjY3MCwidXJsIjoiaHR0cHM6XC9cL29yaW9sYWxiYWlnZXMuY29tXC93cC1jb250ZW50XC91cGxvYWRzXC8yMDIzXC8wNFwvWTZBNDM0Ny1jb3BpYS5qcGciLCJzbGlkZXNob3ciOiI4MmEzZWI0In0%3D\" href='https:\/\/oriolalbaiges.com\/wp-content\/uploads\/2023\/04\/Y6A4347-copia.jpg'><img loading=\"lazy\" decoding=\"async\" width=\"1500\" height=\"1000\" src=\"https:\/\/oriolalbaiges.com\/wp-content\/uploads\/2023\/04\/Y6A4347-copia.jpg\" class=\"attachment-full size-full\" alt=\"\" srcset=\"https:\/\/oriolalbaiges.com\/wp-content\/uploads\/2023\/04\/Y6A4347-copia.jpg 1500w, https:\/\/oriolalbaiges.com\/wp-content\/uploads\/2023\/04\/Y6A4347-copia-300x200.jpg 300w, https:\/\/oriolalbaiges.com\/wp-content\/uploads\/2023\/04\/Y6A4347-copia-1024x683.jpg 1024w, https:\/\/oriolalbaiges.com\/wp-content\/uploads\/2023\/04\/Y6A4347-copia-768x512.jpg 768w\" sizes=\"auto, (max-width: 1500px) 100vw, 1500px\" \/><\/a>\n\t\t\t<\/div><\/figure><figure class='gallery-item'>\n\t\t\t<div class='gallery-icon landscape'>\n\t\t\t\t<a data-elementor-open-lightbox=\"yes\" data-elementor-lightbox-slideshow=\"82a3eb4\" data-e-action-hash=\"#elementor-action%3Aaction%3Dlightbox%26settings%3DeyJpZCI6MjY3OSwidXJsIjoiaHR0cHM6XC9cL29yaW9sYWxiYWlnZXMuY29tXC93cC1jb250ZW50XC91cGxvYWRzXC8yMDIzXC8wNFwvRFk2QTc2NTUuanBnIiwic2xpZGVzaG93IjoiODJhM2ViNCJ9\" href='https:\/\/oriolalbaiges.com\/wp-content\/uploads\/2023\/04\/DY6A7655.jpg'><img loading=\"lazy\" decoding=\"async\" width=\"1500\" height=\"1000\" src=\"https:\/\/oriolalbaiges.com\/wp-content\/uploads\/2023\/04\/DY6A7655.jpg\" class=\"attachment-full size-full\" alt=\"\" srcset=\"https:\/\/oriolalbaiges.com\/wp-content\/uploads\/2023\/04\/DY6A7655.jpg 1500w, https:\/\/oriolalbaiges.com\/wp-content\/uploads\/2023\/04\/DY6A7655-300x200.jpg 300w, https:\/\/oriolalbaiges.com\/wp-content\/uploads\/2023\/04\/DY6A7655-1024x683.jpg 1024w, https:\/\/oriolalbaiges.com\/wp-content\/uploads\/2023\/04\/DY6A7655-768x512.jpg 768w\" sizes=\"auto, (max-width: 1500px) 100vw, 1500px\" \/><\/a>\n\t\t\t<\/div><\/figure><figure class='gallery-item'>\n\t\t\t<div class='gallery-icon landscape'>\n\t\t\t\t<a data-elementor-open-lightbox=\"yes\" data-elementor-lightbox-slideshow=\"82a3eb4\" data-e-action-hash=\"#elementor-action%3Aaction%3Dlightbox%26settings%3DeyJpZCI6MjY2NywidXJsIjoiaHR0cHM6XC9cL29yaW9sYWxiYWlnZXMuY29tXC93cC1jb250ZW50XC91cGxvYWRzXC8yMDIzXC8wNFwvWTZBMDE4My0yLmpwZyIsInNsaWRlc2hvdyI6IjgyYTNlYjQifQ%3D%3D\" href='https:\/\/oriolalbaiges.com\/wp-content\/uploads\/2023\/04\/Y6A0183-2.jpg'><img loading=\"lazy\" decoding=\"async\" width=\"1500\" height=\"1000\" src=\"https:\/\/oriolalbaiges.com\/wp-content\/uploads\/2023\/04\/Y6A0183-2.jpg\" class=\"attachment-full size-full\" alt=\"\" srcset=\"https:\/\/oriolalbaiges.com\/wp-content\/uploads\/2023\/04\/Y6A0183-2.jpg 1500w, https:\/\/oriolalbaiges.com\/wp-content\/uploads\/2023\/04\/Y6A0183-2-300x200.jpg 300w, https:\/\/oriolalbaiges.com\/wp-content\/uploads\/2023\/04\/Y6A0183-2-1024x683.jpg 1024w, https:\/\/oriolalbaiges.com\/wp-content\/uploads\/2023\/04\/Y6A0183-2-768x512.jpg 768w\" sizes=\"auto, (max-width: 1500px) 100vw, 1500px\" \/><\/a>\n\t\t\t<\/div><\/figure><figure class='gallery-item'>\n\t\t\t<div class='gallery-icon landscape'>\n\t\t\t\t<a data-elementor-open-lightbox=\"yes\" data-elementor-lightbox-slideshow=\"82a3eb4\" data-e-action-hash=\"#elementor-action%3Aaction%3Dlightbox%26settings%3DeyJpZCI6MjY4MCwidXJsIjoiaHR0cHM6XC9cL29yaW9sYWxiYWlnZXMuY29tXC93cC1jb250ZW50XC91cGxvYWRzXC8yMDIzXC8wNFwvUDExMDAyOTkuanBnIiwic2xpZGVzaG93IjoiODJhM2ViNCJ9\" href='https:\/\/oriolalbaiges.com\/wp-content\/uploads\/2023\/04\/P1100299.jpg'><img loading=\"lazy\" decoding=\"async\" width=\"1500\" height=\"1125\" src=\"https:\/\/oriolalbaiges.com\/wp-content\/uploads\/2023\/04\/P1100299.jpg\" class=\"attachment-full size-full\" alt=\"\" srcset=\"https:\/\/oriolalbaiges.com\/wp-content\/uploads\/2023\/04\/P1100299.jpg 1500w, https:\/\/oriolalbaiges.com\/wp-content\/uploads\/2023\/04\/P1100299-300x225.jpg 300w, https:\/\/oriolalbaiges.com\/wp-content\/uploads\/2023\/04\/P1100299-1024x768.jpg 1024w, https:\/\/oriolalbaiges.com\/wp-content\/uploads\/2023\/04\/P1100299-768x576.jpg 768w\" sizes=\"auto, (max-width: 1500px) 100vw, 1500px\" \/><\/a>\n\t\t\t<\/div><\/figure><figure class='gallery-item'>\n\t\t\t<div class='gallery-icon landscape'>\n\t\t\t\t<a data-elementor-open-lightbox=\"yes\" data-elementor-lightbox-slideshow=\"82a3eb4\" data-e-action-hash=\"#elementor-action%3Aaction%3Dlightbox%26settings%3DeyJpZCI6MjY2OSwidXJsIjoiaHR0cHM6XC9cL29yaW9sYWxiYWlnZXMuY29tXC93cC1jb250ZW50XC91cGxvYWRzXC8yMDIzXC8wNFwvWTZBNDMzNy1jb3BpYS5qcGciLCJzbGlkZXNob3ciOiI4MmEzZWI0In0%3D\" href='https:\/\/oriolalbaiges.com\/wp-content\/uploads\/2023\/04\/Y6A4337-copia.jpg'><img loading=\"lazy\" decoding=\"async\" width=\"1500\" height=\"1000\" src=\"https:\/\/oriolalbaiges.com\/wp-content\/uploads\/2023\/04\/Y6A4337-copia.jpg\" class=\"attachment-full size-full\" alt=\"\" srcset=\"https:\/\/oriolalbaiges.com\/wp-content\/uploads\/2023\/04\/Y6A4337-copia.jpg 1500w, https:\/\/oriolalbaiges.com\/wp-content\/uploads\/2023\/04\/Y6A4337-copia-300x200.jpg 300w, https:\/\/oriolalbaiges.com\/wp-content\/uploads\/2023\/04\/Y6A4337-copia-1024x683.jpg 1024w, https:\/\/oriolalbaiges.com\/wp-content\/uploads\/2023\/04\/Y6A4337-copia-768x512.jpg 768w\" sizes=\"auto, (max-width: 1500px) 100vw, 1500px\" \/><\/a>\n\t\t\t<\/div><\/figure><figure class='gallery-item'>\n\t\t\t<div class='gallery-icon landscape'>\n\t\t\t\t<a data-elementor-open-lightbox=\"yes\" data-elementor-lightbox-slideshow=\"82a3eb4\" data-e-action-hash=\"#elementor-action%3Aaction%3Dlightbox%26settings%3DeyJpZCI6MjY3OCwidXJsIjoiaHR0cHM6XC9cL29yaW9sYWxiYWlnZXMuY29tXC93cC1jb250ZW50XC91cGxvYWRzXC8yMDIzXC8wNFwvRFk2QTYwODguanBnIiwic2xpZGVzaG93IjoiODJhM2ViNCJ9\" href='https:\/\/oriolalbaiges.com\/wp-content\/uploads\/2023\/04\/DY6A6088.jpg'><img loading=\"lazy\" decoding=\"async\" width=\"1500\" height=\"1000\" src=\"https:\/\/oriolalbaiges.com\/wp-content\/uploads\/2023\/04\/DY6A6088.jpg\" class=\"attachment-full size-full\" alt=\"\" srcset=\"https:\/\/oriolalbaiges.com\/wp-content\/uploads\/2023\/04\/DY6A6088.jpg 1500w, https:\/\/oriolalbaiges.com\/wp-content\/uploads\/2023\/04\/DY6A6088-300x200.jpg 300w, https:\/\/oriolalbaiges.com\/wp-content\/uploads\/2023\/04\/DY6A6088-1024x683.jpg 1024w, https:\/\/oriolalbaiges.com\/wp-content\/uploads\/2023\/04\/DY6A6088-768x512.jpg 768w\" sizes=\"auto, (max-width: 1500px) 100vw, 1500px\" \/><\/a>\n\t\t\t<\/div><\/figure>\n\t\t<\/div>\n\t\t<\/div>\n\t\t\t\t<\/div>\n\t\t\t\t<\/div>\n\t\t\t\t\t<\/div>\n\t\t<\/div>\n\t\t\t\t\t\t\t<\/div>\n\t\t<\/section>\n\t\t\t\t\t\t\t<\/div>\n\t\t","protected":false},"excerpt":{"rendered":"<p>EL REBOST D\u2019ADALET El desenvolupament brinda als consumidors un acc\u00e9s sense precedents als aliments, especialment a les llars de m\u00e9s baixos ingressos. No obstant aix\u00f2, el model actual de producci\u00f3 i consum planteja desafiaments ambientals i socials importants. D\u2019una banda, milions de persones, sobretot a les zones rurals de l\u2019\u00c0sia i de l\u2019\u00c0frica Subsahariana, viuen &hellip;<\/p>\n<p class=\"read-more\"> <a class=\"\" href=\"https:\/\/oriolalbaiges.com\/index.php\/comerc-i-consum\/\"> <span class=\"screen-reader-text\">EL REBOST D&#8217;ADALET<\/span> Read More &raquo;<\/a><\/p>\n","protected":false},"author":1,"featured_media":0,"parent":0,"menu_order":0,"comment_status":"closed","ping_status":"closed","template":"","meta":{"_uag_custom_page_level_css":"","site-sidebar-layout":"no-sidebar","site-content-layout":"page-builder","ast-global-header-display":"","ast-main-header-display":"","ast-hfb-above-header-display":"","ast-hfb-below-header-display":"","ast-hfb-mobile-header-display":"","site-post-title":"disabled","ast-breadcrumbs-content":"","ast-featured-img":"disabled","footer-sml-layout":"","theme-transparent-header-meta":"","adv-header-id-meta":"","stick-header-meta":"","header-above-stick-meta":"","header-main-stick-meta":"","header-below-stick-meta":"","ngg_post_thumbnail":0,"footnotes":""},"class_list":["post-2260","page","type-page","status-publish","hentry"],"uagb_featured_image_src":{"full":false,"thumbnail":false,"medium":false,"medium_large":false,"large":false,"RoboGalleryMansoryImagesCenter":false,"RoboGalleryPreload":false,"1536x1536":false,"2048x2048":false},"uagb_author_info":{"display_name":"oriolalbaiges","author_link":"https:\/\/oriolalbaiges.com\/index.php\/author\/oriolalbaiges\/"},"uagb_comment_info":0,"uagb_excerpt":"EL REBOST D\u2019ADALET El desenvolupament brinda als consumidors un acc\u00e9s sense precedents als aliments, especialment a les llars de m\u00e9s baixos ingressos. No obstant aix\u00f2, el model actual de producci\u00f3 i consum planteja desafiaments ambientals i socials importants. D\u2019una banda, milions de persones, sobretot a les zones rurals de l\u2019\u00c0sia i de l\u2019\u00c0frica Subsahariana, viuen&hellip;","_links":{"self":[{"href":"https:\/\/oriolalbaiges.com\/index.php\/wp-json\/wp\/v2\/pages\/2260","targetHints":{"allow":["GET"]}}],"collection":[{"href":"https:\/\/oriolalbaiges.com\/index.php\/wp-json\/wp\/v2\/pages"}],"about":[{"href":"https:\/\/oriolalbaiges.com\/index.php\/wp-json\/wp\/v2\/types\/page"}],"author":[{"embeddable":true,"href":"https:\/\/oriolalbaiges.com\/index.php\/wp-json\/wp\/v2\/users\/1"}],"replies":[{"embeddable":true,"href":"https:\/\/oriolalbaiges.com\/index.php\/wp-json\/wp\/v2\/comments?post=2260"}],"version-history":[{"count":23,"href":"https:\/\/oriolalbaiges.com\/index.php\/wp-json\/wp\/v2\/pages\/2260\/revisions"}],"predecessor-version":[{"id":3364,"href":"https:\/\/oriolalbaiges.com\/index.php\/wp-json\/wp\/v2\/pages\/2260\/revisions\/3364"}],"wp:attachment":[{"href":"https:\/\/oriolalbaiges.com\/index.php\/wp-json\/wp\/v2\/media?parent=2260"}],"curies":[{"name":"wp","href":"https:\/\/api.w.org\/{rel}","templated":true}]}}