{"id":2272,"date":"2023-03-28T19:49:18","date_gmt":"2023-03-28T19:49:18","guid":{"rendered":"http:\/\/oriolalbaiges.com\/?page_id=2272"},"modified":"2024-03-27T10:38:42","modified_gmt":"2024-03-27T10:38:42","slug":"joc-de-llums","status":"publish","type":"page","link":"https:\/\/oriolalbaiges.com\/index.php\/joc-de-llums\/","title":{"rendered":"DIBUIXOS DE LLUM"},"content":{"rendered":"\t\t<div data-elementor-type=\"wp-page\" data-elementor-id=\"2272\" class=\"elementor elementor-2272\">\n\t\t\t\t\t\t\t\t\t<section class=\"elementor-section elementor-top-section elementor-element elementor-element-78da509 elementor-section-boxed elementor-section-height-default elementor-section-height-default\" data-id=\"78da509\" data-element_type=\"section\">\n\t\t\t\t\t\t<div class=\"elementor-container elementor-column-gap-default\">\n\t\t\t\t\t<div class=\"elementor-column elementor-col-100 elementor-top-column elementor-element elementor-element-45351d7\" data-id=\"45351d7\" data-element_type=\"column\">\n\t\t\t<div class=\"elementor-widget-wrap elementor-element-populated\">\n\t\t\t\t\t\t\t\t<div class=\"elementor-element elementor-element-a6c42e6 elementor-widget elementor-widget-text-editor\" data-id=\"a6c42e6\" data-element_type=\"widget\" data-widget_type=\"text-editor.default\">\n\t\t\t\t<div class=\"elementor-widget-container\">\n\t\t\t<style>\/*! elementor - v3.11.5 - 14-03-2023 *\/\n.elementor-widget-text-editor.elementor-drop-cap-view-stacked .elementor-drop-cap{background-color:#818a91;color:#fff}.elementor-widget-text-editor.elementor-drop-cap-view-framed .elementor-drop-cap{color:#818a91;border:3px solid;background-color:transparent}.elementor-widget-text-editor:not(.elementor-drop-cap-view-default) .elementor-drop-cap{margin-top:8px}.elementor-widget-text-editor:not(.elementor-drop-cap-view-default) .elementor-drop-cap-letter{width:1em;height:1em}.elementor-widget-text-editor .elementor-drop-cap{float:left;text-align:center;line-height:1;font-size:50px}.elementor-widget-text-editor .elementor-drop-cap-letter{display:inline-block}<\/style>\t\t\t\t<p><b>DIBUIXOS DE LLUM<\/b><\/p>\t\t\t\t\t\t<\/div>\n\t\t\t\t<\/div>\n\t\t\t\t\t<\/div>\n\t\t<\/div>\n\t\t\t\t\t\t\t<\/div>\n\t\t<\/section>\n\t\t\t\t<section class=\"elementor-section elementor-top-section elementor-element elementor-element-ed281ff elementor-section-boxed elementor-section-height-default elementor-section-height-default\" data-id=\"ed281ff\" data-element_type=\"section\">\n\t\t\t\t\t\t<div class=\"elementor-container elementor-column-gap-default\">\n\t\t\t\t\t<div class=\"elementor-column elementor-col-50 elementor-top-column elementor-element elementor-element-6ef9306\" data-id=\"6ef9306\" data-element_type=\"column\">\n\t\t\t<div class=\"elementor-widget-wrap elementor-element-populated\">\n\t\t\t\t\t\t\t\t<div class=\"elementor-element elementor-element-97a1645 elementor-widget elementor-widget-text-editor\" data-id=\"97a1645\" data-element_type=\"widget\" data-widget_type=\"text-editor.default\">\n\t\t\t\t<div class=\"elementor-widget-container\">\n\t\t\t\t\t\t\t<p>El m\u00f3n est\u00e0 fet de llums i d\u2019ombres que es mouen a trav\u00e9s de l\u2019espai. Tamb\u00e9 el nostre interior est\u00e0 fet de llums i d\u2019ombres. Formen part del que som, del que no volem ser i del que potser serem. S\u00f3n la lluita entre all\u00f2 que reconeixem, all\u00f2 que evitem, all\u00f2 que admetem i all\u00f2 que ignorem o no volem veure. I en aquest petit, per\u00f2 cost\u00f3s equilibri, intentem que passin els dies sense que cap de les parts domini l\u2019altra, ja que les llums no sempre il\u00b7luminen la nostra vida. De vegades les llums ens enceguen i no ens deixen veure el cam\u00ed, i \u00e9s en les ombres que trobem les respostes.<\/p>\t\t\t\t\t\t<\/div>\n\t\t\t\t<\/div>\n\t\t\t\t\t<\/div>\n\t\t<\/div>\n\t\t\t\t<div class=\"elementor-column elementor-col-50 elementor-top-column elementor-element elementor-element-d631f66\" data-id=\"d631f66\" data-element_type=\"column\">\n\t\t\t<div class=\"elementor-widget-wrap elementor-element-populated\">\n\t\t\t\t\t\t\t\t<div class=\"elementor-element elementor-element-4386289 elementor-widget elementor-widget-text-editor\" data-id=\"4386289\" data-element_type=\"widget\" data-widget_type=\"text-editor.default\">\n\t\t\t\t<div class=\"elementor-widget-container\">\n\t\t\t\t\t\t\t<p><em>The world is made of lights and shadows that move through space. Likewise, our inner selves are made of lights and shadows. They are part of who we are, of what we do not want to be, and of what we may become. They represent the struggle between what we acknowledge, what we avoid, what we admit, and what we ignore or do not want to see. And in this small yet costly balance, we try to spend our days without letting any part dominate the other, because lights do not always illuminate our lives; sometimes, they blind us and prevent us from seeing the path, while shadows provide us with answers.<\/em><\/p>\t\t\t\t\t\t<\/div>\n\t\t\t\t<\/div>\n\t\t\t\t\t<\/div>\n\t\t<\/div>\n\t\t\t\t\t\t\t<\/div>\n\t\t<\/section>\n\t\t\t\t<section class=\"elementor-section elementor-top-section elementor-element elementor-element-bdf3d54 elementor-section-boxed elementor-section-height-default elementor-section-height-default\" data-id=\"bdf3d54\" data-element_type=\"section\">\n\t\t\t\t\t\t<div class=\"elementor-container elementor-column-gap-default\">\n\t\t\t\t\t<div class=\"elementor-column elementor-col-100 elementor-top-column elementor-element elementor-element-a0d8319\" data-id=\"a0d8319\" data-element_type=\"column\">\n\t\t\t<div class=\"elementor-widget-wrap elementor-element-populated\">\n\t\t\t\t\t\t\t\t<div class=\"elementor-element elementor-element-d5f4852 gallery-spacing-custom elementor-widget elementor-widget-image-gallery\" data-id=\"d5f4852\" data-element_type=\"widget\" data-widget_type=\"image-gallery.default\">\n\t\t\t\t<div class=\"elementor-widget-container\">\n\t\t\t<style>\/*! elementor - v3.11.5 - 14-03-2023 *\/\n.elementor-image-gallery .gallery-item{display:inline-block;text-align:center;vertical-align:top;width:100%;max-width:100%;margin:0 auto}.elementor-image-gallery .gallery-item img{margin:0 auto}.elementor-image-gallery .gallery-item .gallery-caption{margin:0}.elementor-image-gallery figure img{display:block}.elementor-image-gallery figure figcaption{width:100%}.gallery-spacing-custom .elementor-image-gallery .gallery-icon{padding:0}@media (min-width:768px){.elementor-image-gallery .gallery-columns-2 .gallery-item{max-width:50%}.elementor-image-gallery .gallery-columns-3 .gallery-item{max-width:33.33%}.elementor-image-gallery .gallery-columns-4 .gallery-item{max-width:25%}.elementor-image-gallery .gallery-columns-5 .gallery-item{max-width:20%}.elementor-image-gallery .gallery-columns-6 .gallery-item{max-width:16.666%}.elementor-image-gallery .gallery-columns-7 .gallery-item{max-width:14.28%}.elementor-image-gallery .gallery-columns-8 .gallery-item{max-width:12.5%}.elementor-image-gallery .gallery-columns-9 .gallery-item{max-width:11.11%}.elementor-image-gallery .gallery-columns-10 .gallery-item{max-width:10%}}@media (min-width:480px) and (max-width:767px){.elementor-image-gallery .gallery.gallery-columns-2 .gallery-item,.elementor-image-gallery .gallery.gallery-columns-3 .gallery-item,.elementor-image-gallery .gallery.gallery-columns-4 .gallery-item,.elementor-image-gallery .gallery.gallery-columns-5 .gallery-item,.elementor-image-gallery .gallery.gallery-columns-6 .gallery-item,.elementor-image-gallery .gallery.gallery-columns-7 .gallery-item,.elementor-image-gallery .gallery.gallery-columns-8 .gallery-item,.elementor-image-gallery .gallery.gallery-columns-9 .gallery-item,.elementor-image-gallery .gallery.gallery-columns-10 .gallery-item{max-width:50%}}@media (max-width:479px){.elementor-image-gallery .gallery.gallery-columns-2 .gallery-item,.elementor-image-gallery .gallery.gallery-columns-3 .gallery-item,.elementor-image-gallery .gallery.gallery-columns-4 .gallery-item,.elementor-image-gallery .gallery.gallery-columns-5 .gallery-item,.elementor-image-gallery .gallery.gallery-columns-6 .gallery-item,.elementor-image-gallery .gallery.gallery-columns-7 .gallery-item,.elementor-image-gallery .gallery.gallery-columns-8 .gallery-item,.elementor-image-gallery .gallery.gallery-columns-9 .gallery-item,.elementor-image-gallery .gallery.gallery-columns-10 .gallery-item{max-width:100%}}<\/style>\t\t<div class=\"elementor-image-gallery\">\n\t\t\t<div id='gallery-1' class='gallery galleryid-2272 gallery-columns-1 gallery-size-full'><figure class='gallery-item'>\n\t\t\t<div class='gallery-icon landscape'>\n\t\t\t\t<a data-elementor-open-lightbox=\"yes\" data-elementor-lightbox-slideshow=\"d5f4852\" data-e-action-hash=\"#elementor-action%3Aaction%3Dlightbox%26settings%3DeyJpZCI6MjcyMSwidXJsIjoiaHR0cHM6XC9cL29yaW9sYWxiYWlnZXMuY29tXC93cC1jb250ZW50XC91cGxvYWRzXC8yMDIzXC8wNFwvUDEwOTA2MTAuanBnIiwic2xpZGVzaG93IjoiZDVmNDg1MiJ9\" href='https:\/\/oriolalbaiges.com\/wp-content\/uploads\/2023\/04\/P1090610.jpg'><img loading=\"lazy\" decoding=\"async\" width=\"1500\" height=\"1125\" src=\"https:\/\/oriolalbaiges.com\/wp-content\/uploads\/2023\/04\/P1090610.jpg\" class=\"attachment-full size-full\" alt=\"\" srcset=\"https:\/\/oriolalbaiges.com\/wp-content\/uploads\/2023\/04\/P1090610.jpg 1500w, https:\/\/oriolalbaiges.com\/wp-content\/uploads\/2023\/04\/P1090610-300x225.jpg 300w, https:\/\/oriolalbaiges.com\/wp-content\/uploads\/2023\/04\/P1090610-1024x768.jpg 1024w, https:\/\/oriolalbaiges.com\/wp-content\/uploads\/2023\/04\/P1090610-768x576.jpg 768w\" sizes=\"auto, (max-width: 1500px) 100vw, 1500px\" \/><\/a>\n\t\t\t<\/div><\/figure><figure class='gallery-item'>\n\t\t\t<div class='gallery-icon landscape'>\n\t\t\t\t<a data-elementor-open-lightbox=\"yes\" data-elementor-lightbox-slideshow=\"d5f4852\" data-e-action-hash=\"#elementor-action%3Aaction%3Dlightbox%26settings%3DeyJpZCI6MjcxNSwidXJsIjoiaHR0cHM6XC9cL29yaW9sYWxiYWlnZXMuY29tXC93cC1jb250ZW50XC91cGxvYWRzXC8yMDIzXC8wNFwvUDEwNzA2ODYuanBnIiwic2xpZGVzaG93IjoiZDVmNDg1MiJ9\" href='https:\/\/oriolalbaiges.com\/wp-content\/uploads\/2023\/04\/P1070686.jpg'><img loading=\"lazy\" decoding=\"async\" width=\"1500\" height=\"1125\" src=\"https:\/\/oriolalbaiges.com\/wp-content\/uploads\/2023\/04\/P1070686.jpg\" class=\"attachment-full size-full\" alt=\"\" srcset=\"https:\/\/oriolalbaiges.com\/wp-content\/uploads\/2023\/04\/P1070686.jpg 1500w, https:\/\/oriolalbaiges.com\/wp-content\/uploads\/2023\/04\/P1070686-300x225.jpg 300w, https:\/\/oriolalbaiges.com\/wp-content\/uploads\/2023\/04\/P1070686-1024x768.jpg 1024w, https:\/\/oriolalbaiges.com\/wp-content\/uploads\/2023\/04\/P1070686-768x576.jpg 768w\" sizes=\"auto, (max-width: 1500px) 100vw, 1500px\" \/><\/a>\n\t\t\t<\/div><\/figure><figure class='gallery-item'>\n\t\t\t<div class='gallery-icon landscape'>\n\t\t\t\t<a data-elementor-open-lightbox=\"yes\" data-elementor-lightbox-slideshow=\"d5f4852\" data-e-action-hash=\"#elementor-action%3Aaction%3Dlightbox%26settings%3DeyJpZCI6MjcxNywidXJsIjoiaHR0cHM6XC9cL29yaW9sYWxiYWlnZXMuY29tXC93cC1jb250ZW50XC91cGxvYWRzXC8yMDIzXC8wNFwvUDEwNzA3NDAuanBnIiwic2xpZGVzaG93IjoiZDVmNDg1MiJ9\" href='https:\/\/oriolalbaiges.com\/wp-content\/uploads\/2023\/04\/P1070740.jpg'><img loading=\"lazy\" decoding=\"async\" width=\"1500\" height=\"1125\" src=\"https:\/\/oriolalbaiges.com\/wp-content\/uploads\/2023\/04\/P1070740.jpg\" class=\"attachment-full size-full\" alt=\"\" srcset=\"https:\/\/oriolalbaiges.com\/wp-content\/uploads\/2023\/04\/P1070740.jpg 1500w, https:\/\/oriolalbaiges.com\/wp-content\/uploads\/2023\/04\/P1070740-300x225.jpg 300w, https:\/\/oriolalbaiges.com\/wp-content\/uploads\/2023\/04\/P1070740-1024x768.jpg 1024w, https:\/\/oriolalbaiges.com\/wp-content\/uploads\/2023\/04\/P1070740-768x576.jpg 768w\" sizes=\"auto, (max-width: 1500px) 100vw, 1500px\" \/><\/a>\n\t\t\t<\/div><\/figure><figure class='gallery-item'>\n\t\t\t<div class='gallery-icon landscape'>\n\t\t\t\t<a data-elementor-open-lightbox=\"yes\" data-elementor-lightbox-slideshow=\"d5f4852\" data-e-action-hash=\"#elementor-action%3Aaction%3Dlightbox%26settings%3DeyJpZCI6MjcxNiwidXJsIjoiaHR0cHM6XC9cL29yaW9sYWxiYWlnZXMuY29tXC93cC1jb250ZW50XC91cGxvYWRzXC8yMDIzXC8wNFwvUDEwNzA3MDcuanBnIiwic2xpZGVzaG93IjoiZDVmNDg1MiJ9\" href='https:\/\/oriolalbaiges.com\/wp-content\/uploads\/2023\/04\/P1070707.jpg'><img loading=\"lazy\" decoding=\"async\" width=\"1500\" height=\"1125\" src=\"https:\/\/oriolalbaiges.com\/wp-content\/uploads\/2023\/04\/P1070707.jpg\" class=\"attachment-full size-full\" alt=\"\" srcset=\"https:\/\/oriolalbaiges.com\/wp-content\/uploads\/2023\/04\/P1070707.jpg 1500w, https:\/\/oriolalbaiges.com\/wp-content\/uploads\/2023\/04\/P1070707-300x225.jpg 300w, https:\/\/oriolalbaiges.com\/wp-content\/uploads\/2023\/04\/P1070707-1024x768.jpg 1024w, https:\/\/oriolalbaiges.com\/wp-content\/uploads\/2023\/04\/P1070707-768x576.jpg 768w\" sizes=\"auto, (max-width: 1500px) 100vw, 1500px\" \/><\/a>\n\t\t\t<\/div><\/figure><figure class='gallery-item'>\n\t\t\t<div class='gallery-icon landscape'>\n\t\t\t\t<a data-elementor-open-lightbox=\"yes\" data-elementor-lightbox-slideshow=\"d5f4852\" data-e-action-hash=\"#elementor-action%3Aaction%3Dlightbox%26settings%3DeyJpZCI6MjcxOSwidXJsIjoiaHR0cHM6XC9cL29yaW9sYWxiYWlnZXMuY29tXC93cC1jb250ZW50XC91cGxvYWRzXC8yMDIzXC8wNFwvUDEwOTA1NzIuanBnIiwic2xpZGVzaG93IjoiZDVmNDg1MiJ9\" href='https:\/\/oriolalbaiges.com\/wp-content\/uploads\/2023\/04\/P1090572.jpg'><img loading=\"lazy\" decoding=\"async\" width=\"1500\" height=\"1125\" src=\"https:\/\/oriolalbaiges.com\/wp-content\/uploads\/2023\/04\/P1090572.jpg\" class=\"attachment-full size-full\" alt=\"\" srcset=\"https:\/\/oriolalbaiges.com\/wp-content\/uploads\/2023\/04\/P1090572.jpg 1500w, https:\/\/oriolalbaiges.com\/wp-content\/uploads\/2023\/04\/P1090572-300x225.jpg 300w, https:\/\/oriolalbaiges.com\/wp-content\/uploads\/2023\/04\/P1090572-1024x768.jpg 1024w, https:\/\/oriolalbaiges.com\/wp-content\/uploads\/2023\/04\/P1090572-768x576.jpg 768w\" sizes=\"auto, (max-width: 1500px) 100vw, 1500px\" \/><\/a>\n\t\t\t<\/div><\/figure><figure class='gallery-item'>\n\t\t\t<div class='gallery-icon landscape'>\n\t\t\t\t<a data-elementor-open-lightbox=\"yes\" data-elementor-lightbox-slideshow=\"d5f4852\" data-e-action-hash=\"#elementor-action%3Aaction%3Dlightbox%26settings%3DeyJpZCI6MjcxOCwidXJsIjoiaHR0cHM6XC9cL29yaW9sYWxiYWlnZXMuY29tXC93cC1jb250ZW50XC91cGxvYWRzXC8yMDIzXC8wNFwvUDEwNzA3NDUuanBnIiwic2xpZGVzaG93IjoiZDVmNDg1MiJ9\" href='https:\/\/oriolalbaiges.com\/wp-content\/uploads\/2023\/04\/P1070745.jpg'><img loading=\"lazy\" decoding=\"async\" width=\"1500\" height=\"1125\" src=\"https:\/\/oriolalbaiges.com\/wp-content\/uploads\/2023\/04\/P1070745.jpg\" class=\"attachment-full size-full\" alt=\"\" srcset=\"https:\/\/oriolalbaiges.com\/wp-content\/uploads\/2023\/04\/P1070745.jpg 1500w, https:\/\/oriolalbaiges.com\/wp-content\/uploads\/2023\/04\/P1070745-300x225.jpg 300w, https:\/\/oriolalbaiges.com\/wp-content\/uploads\/2023\/04\/P1070745-1024x768.jpg 1024w, https:\/\/oriolalbaiges.com\/wp-content\/uploads\/2023\/04\/P1070745-768x576.jpg 768w\" sizes=\"auto, (max-width: 1500px) 100vw, 1500px\" \/><\/a>\n\t\t\t<\/div><\/figure><figure class='gallery-item'>\n\t\t\t<div class='gallery-icon landscape'>\n\t\t\t\t<a data-elementor-open-lightbox=\"yes\" data-elementor-lightbox-slideshow=\"d5f4852\" data-e-action-hash=\"#elementor-action%3Aaction%3Dlightbox%26settings%3DeyJpZCI6MjcyMCwidXJsIjoiaHR0cHM6XC9cL29yaW9sYWxiYWlnZXMuY29tXC93cC1jb250ZW50XC91cGxvYWRzXC8yMDIzXC8wNFwvUDEwOTA1NzUuanBnIiwic2xpZGVzaG93IjoiZDVmNDg1MiJ9\" href='https:\/\/oriolalbaiges.com\/wp-content\/uploads\/2023\/04\/P1090575.jpg'><img loading=\"lazy\" decoding=\"async\" width=\"1500\" height=\"1125\" src=\"https:\/\/oriolalbaiges.com\/wp-content\/uploads\/2023\/04\/P1090575.jpg\" class=\"attachment-full size-full\" alt=\"\" srcset=\"https:\/\/oriolalbaiges.com\/wp-content\/uploads\/2023\/04\/P1090575.jpg 1500w, https:\/\/oriolalbaiges.com\/wp-content\/uploads\/2023\/04\/P1090575-300x225.jpg 300w, https:\/\/oriolalbaiges.com\/wp-content\/uploads\/2023\/04\/P1090575-1024x768.jpg 1024w, https:\/\/oriolalbaiges.com\/wp-content\/uploads\/2023\/04\/P1090575-768x576.jpg 768w\" sizes=\"auto, (max-width: 1500px) 100vw, 1500px\" \/><\/a>\n\t\t\t<\/div><\/figure><figure class='gallery-item'>\n\t\t\t<div class='gallery-icon landscape'>\n\t\t\t\t<a data-elementor-open-lightbox=\"yes\" data-elementor-lightbox-slideshow=\"d5f4852\" data-e-action-hash=\"#elementor-action%3Aaction%3Dlightbox%26settings%3DeyJpZCI6MjcyMiwidXJsIjoiaHR0cHM6XC9cL29yaW9sYWxiYWlnZXMuY29tXC93cC1jb250ZW50XC91cGxvYWRzXC8yMDIzXC8wNFwvUDEwOTA3NzcuanBnIiwic2xpZGVzaG93IjoiZDVmNDg1MiJ9\" href='https:\/\/oriolalbaiges.com\/wp-content\/uploads\/2023\/04\/P1090777.jpg'><img loading=\"lazy\" decoding=\"async\" width=\"1500\" height=\"1125\" src=\"https:\/\/oriolalbaiges.com\/wp-content\/uploads\/2023\/04\/P1090777.jpg\" class=\"attachment-full size-full\" alt=\"\" srcset=\"https:\/\/oriolalbaiges.com\/wp-content\/uploads\/2023\/04\/P1090777.jpg 1500w, https:\/\/oriolalbaiges.com\/wp-content\/uploads\/2023\/04\/P1090777-300x225.jpg 300w, https:\/\/oriolalbaiges.com\/wp-content\/uploads\/2023\/04\/P1090777-1024x768.jpg 1024w, https:\/\/oriolalbaiges.com\/wp-content\/uploads\/2023\/04\/P1090777-768x576.jpg 768w\" sizes=\"auto, (max-width: 1500px) 100vw, 1500px\" \/><\/a>\n\t\t\t<\/div><\/figure><figure class='gallery-item'>\n\t\t\t<div class='gallery-icon landscape'>\n\t\t\t\t<a data-elementor-open-lightbox=\"yes\" data-elementor-lightbox-slideshow=\"d5f4852\" data-e-action-hash=\"#elementor-action%3Aaction%3Dlightbox%26settings%3DeyJpZCI6MjcyMywidXJsIjoiaHR0cHM6XC9cL29yaW9sYWxiYWlnZXMuY29tXC93cC1jb250ZW50XC91cGxvYWRzXC8yMDIzXC8wNFwvUDEwOTA4MDIuanBnIiwic2xpZGVzaG93IjoiZDVmNDg1MiJ9\" href='https:\/\/oriolalbaiges.com\/wp-content\/uploads\/2023\/04\/P1090802.jpg'><img loading=\"lazy\" decoding=\"async\" width=\"1500\" height=\"1125\" src=\"https:\/\/oriolalbaiges.com\/wp-content\/uploads\/2023\/04\/P1090802.jpg\" class=\"attachment-full size-full\" alt=\"\" srcset=\"https:\/\/oriolalbaiges.com\/wp-content\/uploads\/2023\/04\/P1090802.jpg 1500w, https:\/\/oriolalbaiges.com\/wp-content\/uploads\/2023\/04\/P1090802-300x225.jpg 300w, https:\/\/oriolalbaiges.com\/wp-content\/uploads\/2023\/04\/P1090802-1024x768.jpg 1024w, https:\/\/oriolalbaiges.com\/wp-content\/uploads\/2023\/04\/P1090802-768x576.jpg 768w\" sizes=\"auto, (max-width: 1500px) 100vw, 1500px\" \/><\/a>\n\t\t\t<\/div><\/figure><figure class='gallery-item'>\n\t\t\t<div class='gallery-icon landscape'>\n\t\t\t\t<a data-elementor-open-lightbox=\"yes\" data-elementor-lightbox-slideshow=\"d5f4852\" data-e-action-hash=\"#elementor-action%3Aaction%3Dlightbox%26settings%3DeyJpZCI6MjcxMywidXJsIjoiaHR0cHM6XC9cL29yaW9sYWxiYWlnZXMuY29tXC93cC1jb250ZW50XC91cGxvYWRzXC8yMDIzXC8wNFwvUDEwNzA2NjguanBnIiwic2xpZGVzaG93IjoiZDVmNDg1MiJ9\" href='https:\/\/oriolalbaiges.com\/wp-content\/uploads\/2023\/04\/P1070668.jpg'><img loading=\"lazy\" decoding=\"async\" width=\"1500\" height=\"1125\" src=\"https:\/\/oriolalbaiges.com\/wp-content\/uploads\/2023\/04\/P1070668.jpg\" class=\"attachment-full size-full\" alt=\"\" srcset=\"https:\/\/oriolalbaiges.com\/wp-content\/uploads\/2023\/04\/P1070668.jpg 1500w, https:\/\/oriolalbaiges.com\/wp-content\/uploads\/2023\/04\/P1070668-300x225.jpg 300w, https:\/\/oriolalbaiges.com\/wp-content\/uploads\/2023\/04\/P1070668-1024x768.jpg 1024w, https:\/\/oriolalbaiges.com\/wp-content\/uploads\/2023\/04\/P1070668-768x576.jpg 768w\" sizes=\"auto, (max-width: 1500px) 100vw, 1500px\" \/><\/a>\n\t\t\t<\/div><\/figure><figure class='gallery-item'>\n\t\t\t<div class='gallery-icon landscape'>\n\t\t\t\t<a data-elementor-open-lightbox=\"yes\" data-elementor-lightbox-slideshow=\"d5f4852\" data-e-action-hash=\"#elementor-action%3Aaction%3Dlightbox%26settings%3DeyJpZCI6MjcyNCwidXJsIjoiaHR0cHM6XC9cL29yaW9sYWxiYWlnZXMuY29tXC93cC1jb250ZW50XC91cGxvYWRzXC8yMDIzXC8wNFwvUDEwOTA4MTUuanBnIiwic2xpZGVzaG93IjoiZDVmNDg1MiJ9\" href='https:\/\/oriolalbaiges.com\/wp-content\/uploads\/2023\/04\/P1090815.jpg'><img loading=\"lazy\" decoding=\"async\" width=\"1500\" height=\"1125\" src=\"https:\/\/oriolalbaiges.com\/wp-content\/uploads\/2023\/04\/P1090815.jpg\" class=\"attachment-full size-full\" alt=\"\" srcset=\"https:\/\/oriolalbaiges.com\/wp-content\/uploads\/2023\/04\/P1090815.jpg 1500w, https:\/\/oriolalbaiges.com\/wp-content\/uploads\/2023\/04\/P1090815-300x225.jpg 300w, https:\/\/oriolalbaiges.com\/wp-content\/uploads\/2023\/04\/P1090815-1024x768.jpg 1024w, https:\/\/oriolalbaiges.com\/wp-content\/uploads\/2023\/04\/P1090815-768x576.jpg 768w\" sizes=\"auto, (max-width: 1500px) 100vw, 1500px\" \/><\/a>\n\t\t\t<\/div><\/figure><figure class='gallery-item'>\n\t\t\t<div class='gallery-icon landscape'>\n\t\t\t\t<a data-elementor-open-lightbox=\"yes\" data-elementor-lightbox-slideshow=\"d5f4852\" data-e-action-hash=\"#elementor-action%3Aaction%3Dlightbox%26settings%3DeyJpZCI6MjcxNCwidXJsIjoiaHR0cHM6XC9cL29yaW9sYWxiYWlnZXMuY29tXC93cC1jb250ZW50XC91cGxvYWRzXC8yMDIzXC8wNFwvUDEwNzA2ODAuanBnIiwic2xpZGVzaG93IjoiZDVmNDg1MiJ9\" href='https:\/\/oriolalbaiges.com\/wp-content\/uploads\/2023\/04\/P1070680.jpg'><img loading=\"lazy\" decoding=\"async\" width=\"1500\" height=\"1125\" src=\"https:\/\/oriolalbaiges.com\/wp-content\/uploads\/2023\/04\/P1070680.jpg\" class=\"attachment-full size-full\" alt=\"\" srcset=\"https:\/\/oriolalbaiges.com\/wp-content\/uploads\/2023\/04\/P1070680.jpg 1500w, https:\/\/oriolalbaiges.com\/wp-content\/uploads\/2023\/04\/P1070680-300x225.jpg 300w, https:\/\/oriolalbaiges.com\/wp-content\/uploads\/2023\/04\/P1070680-1024x768.jpg 1024w, https:\/\/oriolalbaiges.com\/wp-content\/uploads\/2023\/04\/P1070680-768x576.jpg 768w\" sizes=\"auto, (max-width: 1500px) 100vw, 1500px\" \/><\/a>\n\t\t\t<\/div><\/figure><figure class='gallery-item'>\n\t\t\t<div class='gallery-icon landscape'>\n\t\t\t\t<a data-elementor-open-lightbox=\"yes\" data-elementor-lightbox-slideshow=\"d5f4852\" data-e-action-hash=\"#elementor-action%3Aaction%3Dlightbox%26settings%3DeyJpZCI6MjcyNSwidXJsIjoiaHR0cHM6XC9cL29yaW9sYWxiYWlnZXMuY29tXC93cC1jb250ZW50XC91cGxvYWRzXC8yMDIzXC8wNFwvUDEwOTA4MTcuanBnIiwic2xpZGVzaG93IjoiZDVmNDg1MiJ9\" href='https:\/\/oriolalbaiges.com\/wp-content\/uploads\/2023\/04\/P1090817.jpg'><img loading=\"lazy\" decoding=\"async\" width=\"1500\" height=\"1125\" src=\"https:\/\/oriolalbaiges.com\/wp-content\/uploads\/2023\/04\/P1090817.jpg\" class=\"attachment-full size-full\" alt=\"\" srcset=\"https:\/\/oriolalbaiges.com\/wp-content\/uploads\/2023\/04\/P1090817.jpg 1500w, https:\/\/oriolalbaiges.com\/wp-content\/uploads\/2023\/04\/P1090817-300x225.jpg 300w, https:\/\/oriolalbaiges.com\/wp-content\/uploads\/2023\/04\/P1090817-1024x768.jpg 1024w, https:\/\/oriolalbaiges.com\/wp-content\/uploads\/2023\/04\/P1090817-768x576.jpg 768w\" sizes=\"auto, (max-width: 1500px) 100vw, 1500px\" \/><\/a>\n\t\t\t<\/div><\/figure><figure class='gallery-item'>\n\t\t\t<div class='gallery-icon landscape'>\n\t\t\t\t<a data-elementor-open-lightbox=\"yes\" data-elementor-lightbox-slideshow=\"d5f4852\" data-e-action-hash=\"#elementor-action%3Aaction%3Dlightbox%26settings%3DeyJpZCI6MjcxMiwidXJsIjoiaHR0cHM6XC9cL29yaW9sYWxiYWlnZXMuY29tXC93cC1jb250ZW50XC91cGxvYWRzXC8yMDIzXC8wNFwvQ0lNRzU4NzEtMi5qcGciLCJzbGlkZXNob3ciOiJkNWY0ODUyIn0%3D\" href='https:\/\/oriolalbaiges.com\/wp-content\/uploads\/2023\/04\/CIMG5871-2.jpg'><img loading=\"lazy\" decoding=\"async\" width=\"1500\" height=\"1125\" src=\"https:\/\/oriolalbaiges.com\/wp-content\/uploads\/2023\/04\/CIMG5871-2.jpg\" class=\"attachment-full size-full\" alt=\"\" srcset=\"https:\/\/oriolalbaiges.com\/wp-content\/uploads\/2023\/04\/CIMG5871-2.jpg 1500w, https:\/\/oriolalbaiges.com\/wp-content\/uploads\/2023\/04\/CIMG5871-2-300x225.jpg 300w, https:\/\/oriolalbaiges.com\/wp-content\/uploads\/2023\/04\/CIMG5871-2-1024x768.jpg 1024w, https:\/\/oriolalbaiges.com\/wp-content\/uploads\/2023\/04\/CIMG5871-2-768x576.jpg 768w\" sizes=\"auto, (max-width: 1500px) 100vw, 1500px\" \/><\/a>\n\t\t\t<\/div><\/figure>\n\t\t<\/div>\n\t\t<\/div>\n\t\t\t\t<\/div>\n\t\t\t\t<\/div>\n\t\t\t\t\t<\/div>\n\t\t<\/div>\n\t\t\t\t\t\t\t<\/div>\n\t\t<\/section>\n\t\t\t\t\t\t\t<\/div>\n\t\t","protected":false},"excerpt":{"rendered":"<p>DIBUIXOS DE LLUM El m\u00f3n est\u00e0 fet de llums i d\u2019ombres que es mouen a trav\u00e9s de l\u2019espai. Tamb\u00e9 el nostre interior est\u00e0 fet de llums i d\u2019ombres. Formen part del que som, del que no volem ser i del que potser serem. S\u00f3n la lluita entre all\u00f2 que reconeixem, all\u00f2 que evitem, all\u00f2 que &hellip;<\/p>\n<p class=\"read-more\"> <a class=\"\" href=\"https:\/\/oriolalbaiges.com\/index.php\/joc-de-llums\/\"> <span class=\"screen-reader-text\">DIBUIXOS DE LLUM<\/span> Read More &raquo;<\/a><\/p>\n","protected":false},"author":1,"featured_media":0,"parent":0,"menu_order":0,"comment_status":"closed","ping_status":"closed","template":"","meta":{"_uag_custom_page_level_css":"","site-sidebar-layout":"no-sidebar","site-content-layout":"page-builder","ast-global-header-display":"","ast-main-header-display":"","ast-hfb-above-header-display":"","ast-hfb-below-header-display":"","ast-hfb-mobile-header-display":"","site-post-title":"disabled","ast-breadcrumbs-content":"","ast-featured-img":"disabled","footer-sml-layout":"","theme-transparent-header-meta":"","adv-header-id-meta":"","stick-header-meta":"","header-above-stick-meta":"","header-main-stick-meta":"","header-below-stick-meta":"","ngg_post_thumbnail":0,"footnotes":""},"class_list":["post-2272","page","type-page","status-publish","hentry"],"uagb_featured_image_src":{"full":false,"thumbnail":false,"medium":false,"medium_large":false,"large":false,"RoboGalleryMansoryImagesCenter":false,"RoboGalleryPreload":false,"1536x1536":false,"2048x2048":false},"uagb_author_info":{"display_name":"oriolalbaiges","author_link":"https:\/\/oriolalbaiges.com\/index.php\/author\/oriolalbaiges\/"},"uagb_comment_info":0,"uagb_excerpt":"DIBUIXOS DE LLUM El m\u00f3n est\u00e0 fet de llums i d\u2019ombres que es mouen a trav\u00e9s de l\u2019espai. Tamb\u00e9 el nostre interior est\u00e0 fet de llums i d\u2019ombres. Formen part del que som, del que no volem ser i del que potser serem. S\u00f3n la lluita entre all\u00f2 que reconeixem, all\u00f2 que evitem, all\u00f2 que&hellip;","_links":{"self":[{"href":"https:\/\/oriolalbaiges.com\/index.php\/wp-json\/wp\/v2\/pages\/2272","targetHints":{"allow":["GET"]}}],"collection":[{"href":"https:\/\/oriolalbaiges.com\/index.php\/wp-json\/wp\/v2\/pages"}],"about":[{"href":"https:\/\/oriolalbaiges.com\/index.php\/wp-json\/wp\/v2\/types\/page"}],"author":[{"embeddable":true,"href":"https:\/\/oriolalbaiges.com\/index.php\/wp-json\/wp\/v2\/users\/1"}],"replies":[{"embeddable":true,"href":"https:\/\/oriolalbaiges.com\/index.php\/wp-json\/wp\/v2\/comments?post=2272"}],"version-history":[{"count":23,"href":"https:\/\/oriolalbaiges.com\/index.php\/wp-json\/wp\/v2\/pages\/2272\/revisions"}],"predecessor-version":[{"id":3280,"href":"https:\/\/oriolalbaiges.com\/index.php\/wp-json\/wp\/v2\/pages\/2272\/revisions\/3280"}],"wp:attachment":[{"href":"https:\/\/oriolalbaiges.com\/index.php\/wp-json\/wp\/v2\/media?parent=2272"}],"curies":[{"name":"wp","href":"https:\/\/api.w.org\/{rel}","templated":true}]}}