{"id":2871,"date":"2024-03-22T16:20:27","date_gmt":"2024-03-22T16:20:27","guid":{"rendered":"https:\/\/oriolalbaiges.com\/?page_id=2871"},"modified":"2024-03-27T13:37:48","modified_gmt":"2024-03-27T13:37:48","slug":"actualitat","status":"publish","type":"page","link":"https:\/\/oriolalbaiges.com\/index.php\/actualitat\/","title":{"rendered":"ACTUALITAT"},"content":{"rendered":"\t\t<div data-elementor-type=\"wp-page\" data-elementor-id=\"2871\" class=\"elementor elementor-2871\">\n\t\t\t\t\t\t\t\t\t<section class=\"elementor-section elementor-top-section elementor-element elementor-element-d2c857b elementor-section-boxed elementor-section-height-default elementor-section-height-default\" data-id=\"d2c857b\" data-element_type=\"section\">\n\t\t\t\t\t\t<div class=\"elementor-container elementor-column-gap-default\">\n\t\t\t\t\t<div class=\"elementor-column elementor-col-50 elementor-top-column elementor-element elementor-element-514ccba\" data-id=\"514ccba\" data-element_type=\"column\">\n\t\t\t<div class=\"elementor-widget-wrap elementor-element-populated\">\n\t\t\t\t\t\t\t\t<div class=\"elementor-element elementor-element-c628204 elementor-widget elementor-widget-image\" data-id=\"c628204\" data-element_type=\"widget\" data-widget_type=\"image.default\">\n\t\t\t\t<div class=\"elementor-widget-container\">\n\t\t\t<style>\/*! elementor - v3.11.5 - 14-03-2023 *\/\n.elementor-widget-image{text-align:center}.elementor-widget-image a{display:inline-block}.elementor-widget-image a img[src$=\".svg\"]{width:48px}.elementor-widget-image img{vertical-align:middle;display:inline-block}<\/style>\t\t\t\t\t\t\t\t\t\t\t\t<img loading=\"lazy\" decoding=\"async\" width=\"1024\" height=\"928\" src=\"https:\/\/oriolalbaiges.com\/wp-content\/uploads\/2024\/03\/DBM-1024x928.png\" class=\"attachment-large size-large wp-image-2876\" alt=\"\" srcset=\"https:\/\/oriolalbaiges.com\/wp-content\/uploads\/2024\/03\/DBM-1024x928.png 1024w, https:\/\/oriolalbaiges.com\/wp-content\/uploads\/2024\/03\/DBM-300x272.png 300w, https:\/\/oriolalbaiges.com\/wp-content\/uploads\/2024\/03\/DBM-768x696.png 768w, https:\/\/oriolalbaiges.com\/wp-content\/uploads\/2024\/03\/DBM.png 1500w\" sizes=\"auto, (max-width: 1024px) 100vw, 1024px\" \/>\t\t\t\t\t\t\t\t\t\t\t\t\t\t\t<\/div>\n\t\t\t\t<\/div>\n\t\t\t\t\t<\/div>\n\t\t<\/div>\n\t\t\t\t<div class=\"elementor-column elementor-col-50 elementor-top-column elementor-element elementor-element-2833d67\" data-id=\"2833d67\" data-element_type=\"column\">\n\t\t\t<div class=\"elementor-widget-wrap elementor-element-populated\">\n\t\t\t\t\t\t\t\t<div class=\"elementor-element elementor-element-74150d8 elementor-widget elementor-widget-text-editor\" data-id=\"74150d8\" data-element_type=\"widget\" data-widget_type=\"text-editor.default\">\n\t\t\t\t<div class=\"elementor-widget-container\">\n\t\t\t<style>\/*! elementor - v3.11.5 - 14-03-2023 *\/\n.elementor-widget-text-editor.elementor-drop-cap-view-stacked .elementor-drop-cap{background-color:#818a91;color:#fff}.elementor-widget-text-editor.elementor-drop-cap-view-framed .elementor-drop-cap{color:#818a91;border:3px solid;background-color:transparent}.elementor-widget-text-editor:not(.elementor-drop-cap-view-default) .elementor-drop-cap{margin-top:8px}.elementor-widget-text-editor:not(.elementor-drop-cap-view-default) .elementor-drop-cap-letter{width:1em;height:1em}.elementor-widget-text-editor .elementor-drop-cap{float:left;text-align:center;line-height:1;font-size:50px}.elementor-widget-text-editor .elementor-drop-cap-letter{display:inline-block}<\/style>\t\t\t\t<p>\u00a0<\/p><p>\u00a0<\/p><p>Publicaci\u00f3 del llibre\u00a0<i>Des del balc\u00f3 de la mem\u00f2ria<\/i>, un recull d\u2019imatges i textos inspirats en la gent que un viatger qualsevol coneix viatjant, en paisatges que el colpeixen o en moments singulars que t\u00e9 l\u2019ocasi\u00f3 de viure, i que s\u2019entreteixeixen al voltant de les tres dimensions que configuren el seu espai de relaci\u00f3: amb ell mateix, amb els altres i amb all\u00f2 que hi ha m\u00e9s enll\u00e0 del m\u00f3n comprensible (Editorial Claret).<\/p><p>\u00a0<\/p><p><em>Publication of the book &#8220;Des del balc\u00f3 de la mem\u00f2ria\u201d, a collection of images and texts inspired by the people a traveler meets while traveling, the landscapes that strike him, or the singular moments he has the opportunity to experience, all interwoven around the three dimensions that shape his space of relationship: with himselve, with others, and with what lies beyond the understandable world (Editorial Claret).<\/em><\/p><p>\u00a0<\/p><p>\u00a0<\/p><p><a href=\"https:\/\/www.claret.cat\/llibre\/des-del-balco-de-la-memoria-9788491364887\/\" target=\"_blank\" rel=\"noopener\"><strong>compra el llibre &gt;<\/strong><\/a><\/p>\t\t\t\t\t\t<\/div>\n\t\t\t\t<\/div>\n\t\t\t\t\t<\/div>\n\t\t<\/div>\n\t\t\t\t\t\t\t<\/div>\n\t\t<\/section>\n\t\t\t\t<section class=\"elementor-section elementor-top-section elementor-element elementor-element-c47d442 elementor-section-boxed elementor-section-height-default elementor-section-height-default\" data-id=\"c47d442\" data-element_type=\"section\">\n\t\t\t\t\t\t<div class=\"elementor-container elementor-column-gap-default\">\n\t\t\t\t\t<div class=\"elementor-column elementor-col-100 elementor-top-column elementor-element elementor-element-cf69bd5\" data-id=\"cf69bd5\" data-element_type=\"column\">\n\t\t\t<div class=\"elementor-widget-wrap elementor-element-populated\">\n\t\t\t\t\t\t\t\t<div class=\"elementor-element elementor-element-adf92f3 elementor-widget elementor-widget-heading\" data-id=\"adf92f3\" data-element_type=\"widget\" data-widget_type=\"heading.default\">\n\t\t\t\t<div class=\"elementor-widget-container\">\n\t\t\t<style>\/*! elementor - v3.11.5 - 14-03-2023 *\/\n.elementor-heading-title{padding:0;margin:0;line-height:1}.elementor-widget-heading .elementor-heading-title[class*=elementor-size-]>a{color:inherit;font-size:inherit;line-height:inherit}.elementor-widget-heading .elementor-heading-title.elementor-size-small{font-size:15px}.elementor-widget-heading .elementor-heading-title.elementor-size-medium{font-size:19px}.elementor-widget-heading .elementor-heading-title.elementor-size-large{font-size:29px}.elementor-widget-heading .elementor-heading-title.elementor-size-xl{font-size:39px}.elementor-widget-heading .elementor-heading-title.elementor-size-xxl{font-size:59px}<\/style><h2 class=\"elementor-heading-title elementor-size-large\"><br>EXPOSICIONS \/ EXHIBITIONS<\/h2>\t\t<\/div>\n\t\t\t\t<\/div>\n\t\t\t\t\t<\/div>\n\t\t<\/div>\n\t\t\t\t\t\t\t<\/div>\n\t\t<\/section>\n\t\t\t\t<section class=\"elementor-section elementor-top-section elementor-element elementor-element-8655eaa elementor-section-boxed elementor-section-height-default elementor-section-height-default\" data-id=\"8655eaa\" data-element_type=\"section\">\n\t\t\t\t\t\t<div class=\"elementor-container elementor-column-gap-default\">\n\t\t\t\t\t<div class=\"elementor-column elementor-col-50 elementor-top-column elementor-element elementor-element-2da3ba5\" data-id=\"2da3ba5\" data-element_type=\"column\">\n\t\t\t<div class=\"elementor-widget-wrap elementor-element-populated\">\n\t\t\t\t\t\t\t\t<div class=\"elementor-element elementor-element-3965efe elementor-widget elementor-widget-text-editor\" data-id=\"3965efe\" data-element_type=\"widget\" data-widget_type=\"text-editor.default\">\n\t\t\t\t<div class=\"elementor-widget-container\">\n\t\t\t\t\t\t\t<p>\u00a0<\/p><p><strong>EL POU DE TALLULAH<\/strong><\/p><p>\u00a0<\/p><p>19\/11\/2023 a 28\/11\/2023 &#8211; Seu de Blauhaus Audiovisual. Barcelona<br \/>29\/11\/2023 a 11\/12\/2023 &#8211; Escola Sagrada Familia. Barcelona<br \/>12\/12\/2023 a 20\/12\/2023 &#8211; Escola Mare de D\u00e9u de Montserrat. Barcelona<br \/>21\/12\/2023 a 20\/01\/2024 &#8211; Associaci\u00f3 de Mestres Rosa Sensat. Barcelona<br \/>19\/02\/2024 a 01\/03\/2024 &#8211; Escola Nostra Llar. Sabadell.<br \/>07\/06\/2024 \u00a0 \u00a0 \u00a0 \u00a0 \u00a0 \u00a0 \u00a0 \u00a0 \u00a0 \u00a0 \u00a0 \u00a0 \u00a0 &#8211; Mont Sant Benet. Sant Fruit\u00f3s de Bages<\/p>\t\t\t\t\t\t<\/div>\n\t\t\t\t<\/div>\n\t\t\t\t\t<\/div>\n\t\t<\/div>\n\t\t\t\t<div class=\"elementor-column elementor-col-50 elementor-top-column elementor-element elementor-element-4adedb0\" data-id=\"4adedb0\" data-element_type=\"column\">\n\t\t\t<div class=\"elementor-widget-wrap elementor-element-populated\">\n\t\t\t\t\t\t\t\t<div class=\"elementor-element elementor-element-a373e07 elementor-widget elementor-widget-text-editor\" data-id=\"a373e07\" data-element_type=\"widget\" data-widget_type=\"text-editor.default\">\n\t\t\t\t<div class=\"elementor-widget-container\">\n\t\t\t\t\t\t\t<p><strong>\u00a0<\/strong><\/p><p><strong>EL REBOST D&#8217;ADALET<\/strong><\/p><p>\u00a0<\/p><p>19\/11\/2023 a 28\/11\/2023 &#8211; Seu de Blauhaus Audiovisual. Barcelona<br \/>29\/11\/2023 a 11\/12\/2023 &#8211; Escola Sagrada Familia. Barcelona<br \/>12\/12\/2023 a 22\/12\/2023 &#8211; Escola Mare de D\u00e9u de Montserrat. Barcelona<br \/>21\/12\/2023 a 20\/01\/2024 &#8211; Associaci\u00f3 de Mestres Rosa Sensat. Barcelona<br \/>05\/02\/2024 a 04\/03\/2024 &#8211; Escola Xirinacs. Barcelona<br \/>07\/06\/2024 \u00a0 \u00a0 \u00a0 \u00a0 \u00a0 \u00a0 \u00a0 \u00a0 \u00a0 \u00a0 \u00a0 \u00a0 \u00a0 &#8211; Mont Sant Benet. Sant Fruit\u00f3s de Bages<\/p>\t\t\t\t\t\t<\/div>\n\t\t\t\t<\/div>\n\t\t\t\t\t<\/div>\n\t\t<\/div>\n\t\t\t\t\t\t\t<\/div>\n\t\t<\/section>\n\t\t\t\t\t\t\t<\/div>\n\t\t","protected":false},"excerpt":{"rendered":"<p>\u00a0 \u00a0 Publicaci\u00f3 del llibre\u00a0Des del balc\u00f3 de la mem\u00f2ria, un recull d\u2019imatges i textos inspirats en la gent que un viatger qualsevol coneix viatjant, en paisatges que el colpeixen o en moments singulars que t\u00e9 l\u2019ocasi\u00f3 de viure, i que s\u2019entreteixeixen al voltant de les tres dimensions que configuren el seu espai de relaci\u00f3: &hellip;<\/p>\n<p class=\"read-more\"> <a class=\"\" href=\"https:\/\/oriolalbaiges.com\/index.php\/actualitat\/\"> <span class=\"screen-reader-text\">ACTUALITAT<\/span> Read More &raquo;<\/a><\/p>\n","protected":false},"author":1,"featured_media":0,"parent":0,"menu_order":0,"comment_status":"closed","ping_status":"closed","template":"","meta":{"_uag_custom_page_level_css":"","site-sidebar-layout":"no-sidebar","site-content-layout":"page-builder","ast-global-header-display":"","ast-main-header-display":"","ast-hfb-above-header-display":"","ast-hfb-below-header-display":"","ast-hfb-mobile-header-display":"","site-post-title":"disabled","ast-breadcrumbs-content":"","ast-featured-img":"disabled","footer-sml-layout":"","theme-transparent-header-meta":"","adv-header-id-meta":"","stick-header-meta":"","header-above-stick-meta":"","header-main-stick-meta":"","header-below-stick-meta":"","ngg_post_thumbnail":0,"footnotes":""},"class_list":["post-2871","page","type-page","status-publish","hentry"],"uagb_featured_image_src":{"full":false,"thumbnail":false,"medium":false,"medium_large":false,"large":false,"RoboGalleryMansoryImagesCenter":false,"RoboGalleryPreload":false,"1536x1536":false,"2048x2048":false},"uagb_author_info":{"display_name":"oriolalbaiges","author_link":"https:\/\/oriolalbaiges.com\/index.php\/author\/oriolalbaiges\/"},"uagb_comment_info":0,"uagb_excerpt":"\u00a0 \u00a0 Publicaci\u00f3 del llibre\u00a0Des del balc\u00f3 de la mem\u00f2ria, un recull d\u2019imatges i textos inspirats en la gent que un viatger qualsevol coneix viatjant, en paisatges que el colpeixen o en moments singulars que t\u00e9 l\u2019ocasi\u00f3 de viure, i que s\u2019entreteixeixen al voltant de les tres dimensions que configuren el seu espai de relaci\u00f3:&hellip;","_links":{"self":[{"href":"https:\/\/oriolalbaiges.com\/index.php\/wp-json\/wp\/v2\/pages\/2871","targetHints":{"allow":["GET"]}}],"collection":[{"href":"https:\/\/oriolalbaiges.com\/index.php\/wp-json\/wp\/v2\/pages"}],"about":[{"href":"https:\/\/oriolalbaiges.com\/index.php\/wp-json\/wp\/v2\/types\/page"}],"author":[{"embeddable":true,"href":"https:\/\/oriolalbaiges.com\/index.php\/wp-json\/wp\/v2\/users\/1"}],"replies":[{"embeddable":true,"href":"https:\/\/oriolalbaiges.com\/index.php\/wp-json\/wp\/v2\/comments?post=2871"}],"version-history":[{"count":22,"href":"https:\/\/oriolalbaiges.com\/index.php\/wp-json\/wp\/v2\/pages\/2871\/revisions"}],"predecessor-version":[{"id":3373,"href":"https:\/\/oriolalbaiges.com\/index.php\/wp-json\/wp\/v2\/pages\/2871\/revisions\/3373"}],"wp:attachment":[{"href":"https:\/\/oriolalbaiges.com\/index.php\/wp-json\/wp\/v2\/media?parent=2871"}],"curies":[{"name":"wp","href":"https:\/\/api.w.org\/{rel}","templated":true}]}}