{"id":2915,"date":"2024-03-22T18:33:25","date_gmt":"2024-03-22T18:33:25","guid":{"rendered":"https:\/\/oriolalbaiges.com\/?page_id=2915"},"modified":"2024-03-27T10:30:32","modified_gmt":"2024-03-27T10:30:32","slug":"itinerancies","status":"publish","type":"page","link":"https:\/\/oriolalbaiges.com\/index.php\/itinerancies\/","title":{"rendered":"ITINER\u00c0NCIES"},"content":{"rendered":"\t\t<div data-elementor-type=\"wp-page\" data-elementor-id=\"2915\" class=\"elementor elementor-2915\">\n\t\t\t\t\t\t\t\t\t<section class=\"elementor-section elementor-top-section elementor-element elementor-element-7cc575e elementor-section-boxed elementor-section-height-default elementor-section-height-default\" data-id=\"7cc575e\" data-element_type=\"section\">\n\t\t\t\t\t\t<div class=\"elementor-container elementor-column-gap-default\">\n\t\t\t\t\t<div class=\"elementor-column elementor-col-100 elementor-top-column elementor-element elementor-element-f71a381\" data-id=\"f71a381\" data-element_type=\"column\">\n\t\t\t<div class=\"elementor-widget-wrap elementor-element-populated\">\n\t\t\t\t\t\t\t\t<div class=\"elementor-element elementor-element-75e7930 elementor-widget elementor-widget-text-editor\" data-id=\"75e7930\" data-element_type=\"widget\" data-widget_type=\"text-editor.default\">\n\t\t\t\t<div class=\"elementor-widget-container\">\n\t\t\t<style>\/*! elementor - v3.11.5 - 14-03-2023 *\/\n.elementor-widget-text-editor.elementor-drop-cap-view-stacked .elementor-drop-cap{background-color:#818a91;color:#fff}.elementor-widget-text-editor.elementor-drop-cap-view-framed .elementor-drop-cap{color:#818a91;border:3px solid;background-color:transparent}.elementor-widget-text-editor:not(.elementor-drop-cap-view-default) .elementor-drop-cap{margin-top:8px}.elementor-widget-text-editor:not(.elementor-drop-cap-view-default) .elementor-drop-cap-letter{width:1em;height:1em}.elementor-widget-text-editor .elementor-drop-cap{float:left;text-align:center;line-height:1;font-size:50px}.elementor-widget-text-editor .elementor-drop-cap-letter{display:inline-block}<\/style>\t\t\t\t<p><b>ITINER\u00c0NCIES<\/b><\/p>\t\t\t\t\t\t<\/div>\n\t\t\t\t<\/div>\n\t\t\t\t\t<\/div>\n\t\t<\/div>\n\t\t\t\t\t\t\t<\/div>\n\t\t<\/section>\n\t\t\t\t<section class=\"elementor-section elementor-top-section elementor-element elementor-element-e1005c0 elementor-section-boxed elementor-section-height-default elementor-section-height-default\" data-id=\"e1005c0\" data-element_type=\"section\">\n\t\t\t\t\t\t<div class=\"elementor-container elementor-column-gap-default\">\n\t\t\t\t\t<div class=\"elementor-column elementor-col-50 elementor-top-column elementor-element elementor-element-8e5b218\" data-id=\"8e5b218\" data-element_type=\"column\">\n\t\t\t<div class=\"elementor-widget-wrap elementor-element-populated\">\n\t\t\t\t\t\t\t\t<div class=\"elementor-element elementor-element-0a4fb8c elementor-widget elementor-widget-text-editor\" data-id=\"0a4fb8c\" data-element_type=\"widget\" data-widget_type=\"text-editor.default\">\n\t\t\t\t<div class=\"elementor-widget-container\">\n\t\t\t\t\t\t\t<div class=\"page\" title=\"Page 1\"><div class=\"section\"><div class=\"layoutArea\"><div class=\"column\"><p>En la seva ess\u00e8ncia,\u00a0itiner\u00e0ncia \u00e9s moviment, transformaci\u00f3, transitorietat, una idea que ens enfronta a la imperman\u00e8ncia de totes les coses. Res no est\u00e0 est\u00e0tic o immutable; tot est\u00e0 subjecte al pas del temps i a la llei del canvi. Aix\u00ed com les estacions de l&#8217;any se succeeixen en un cicle etern de naixement, creixement, decad\u00e8ncia i renovaci\u00f3, les nostres vides tamb\u00e9 estan marcades per cicles de creixement i declivi, \u00e8xits i fracassos, alegries i tristeses. En aquest sentit, el tr\u00e0nsit ens convida a contemplar la vida com un viatge constant d&#8217;aprenentatge i evoluci\u00f3, on cada experi\u00e8ncia suposa un cam\u00ed d&#8217;autodescobriment i de realitzaci\u00f3 personal. En \u00faltima inst\u00e0ncia, el concepte filos\u00f2fic de tr\u00e0nsit ens convida a viure plenament en el moment present, reconeixent la bellesa i la profunditat de cada experi\u00e8ncia, sabent que tot \u00e9s ef\u00edmer i que res no dura per sempre.<\/p><\/div><\/div><\/div><\/div>\t\t\t\t\t\t<\/div>\n\t\t\t\t<\/div>\n\t\t\t\t\t<\/div>\n\t\t<\/div>\n\t\t\t\t<div class=\"elementor-column elementor-col-50 elementor-top-column elementor-element elementor-element-d2fd992\" data-id=\"d2fd992\" data-element_type=\"column\">\n\t\t\t<div class=\"elementor-widget-wrap elementor-element-populated\">\n\t\t\t\t\t\t\t\t<div class=\"elementor-element elementor-element-47b4ed7 elementor-widget elementor-widget-text-editor\" data-id=\"47b4ed7\" data-element_type=\"widget\" data-widget_type=\"text-editor.default\">\n\t\t\t\t<div class=\"elementor-widget-container\">\n\t\t\t\t\t\t\t<p><em>At its essence, transit is movement, transformation, transitoriness, an idea that confronts us with the impermanence of all things. Nothing is static or immutable; everything is subject to the passage of time and the law of change. Just as the seasons of the year succeed each other in an eternal cycle of birth, growth, decay, and renewal, our lives are also marked by cycles of growth and decline, successes and failures, joys and sorrows. In this sense, transit invites us to contemplate life as a constant journey of learning and evolution, where each experience represents a path of self-discovery and personal fulfillment. Ultimately, the philosophical concept of transit invites us to live fully in the present moment, recognizing the beauty and depth of each experience, knowing that everything is ephemeral and that nothing lasts forever.<\/em><\/p>\t\t\t\t\t\t<\/div>\n\t\t\t\t<\/div>\n\t\t\t\t\t<\/div>\n\t\t<\/div>\n\t\t\t\t\t\t\t<\/div>\n\t\t<\/section>\n\t\t\t\t<section class=\"elementor-section elementor-top-section elementor-element elementor-element-b86294d elementor-section-boxed elementor-section-height-default elementor-section-height-default\" data-id=\"b86294d\" data-element_type=\"section\">\n\t\t\t\t\t\t<div class=\"elementor-container elementor-column-gap-default\">\n\t\t\t\t\t<div class=\"elementor-column elementor-col-100 elementor-top-column elementor-element elementor-element-a39760f\" data-id=\"a39760f\" data-element_type=\"column\">\n\t\t\t<div class=\"elementor-widget-wrap elementor-element-populated\">\n\t\t\t\t\t\t\t\t<div class=\"elementor-element elementor-element-c223278 gallery-spacing-custom elementor-widget elementor-widget-image-gallery\" data-id=\"c223278\" data-element_type=\"widget\" data-widget_type=\"image-gallery.default\">\n\t\t\t\t<div class=\"elementor-widget-container\">\n\t\t\t<style>\/*! elementor - v3.11.5 - 14-03-2023 *\/\n.elementor-image-gallery .gallery-item{display:inline-block;text-align:center;vertical-align:top;width:100%;max-width:100%;margin:0 auto}.elementor-image-gallery .gallery-item img{margin:0 auto}.elementor-image-gallery .gallery-item .gallery-caption{margin:0}.elementor-image-gallery figure img{display:block}.elementor-image-gallery figure figcaption{width:100%}.gallery-spacing-custom .elementor-image-gallery .gallery-icon{padding:0}@media (min-width:768px){.elementor-image-gallery .gallery-columns-2 .gallery-item{max-width:50%}.elementor-image-gallery .gallery-columns-3 .gallery-item{max-width:33.33%}.elementor-image-gallery .gallery-columns-4 .gallery-item{max-width:25%}.elementor-image-gallery .gallery-columns-5 .gallery-item{max-width:20%}.elementor-image-gallery .gallery-columns-6 .gallery-item{max-width:16.666%}.elementor-image-gallery .gallery-columns-7 .gallery-item{max-width:14.28%}.elementor-image-gallery .gallery-columns-8 .gallery-item{max-width:12.5%}.elementor-image-gallery .gallery-columns-9 .gallery-item{max-width:11.11%}.elementor-image-gallery .gallery-columns-10 .gallery-item{max-width:10%}}@media (min-width:480px) and (max-width:767px){.elementor-image-gallery .gallery.gallery-columns-2 .gallery-item,.elementor-image-gallery .gallery.gallery-columns-3 .gallery-item,.elementor-image-gallery .gallery.gallery-columns-4 .gallery-item,.elementor-image-gallery .gallery.gallery-columns-5 .gallery-item,.elementor-image-gallery .gallery.gallery-columns-6 .gallery-item,.elementor-image-gallery .gallery.gallery-columns-7 .gallery-item,.elementor-image-gallery .gallery.gallery-columns-8 .gallery-item,.elementor-image-gallery .gallery.gallery-columns-9 .gallery-item,.elementor-image-gallery .gallery.gallery-columns-10 .gallery-item{max-width:50%}}@media (max-width:479px){.elementor-image-gallery .gallery.gallery-columns-2 .gallery-item,.elementor-image-gallery .gallery.gallery-columns-3 .gallery-item,.elementor-image-gallery .gallery.gallery-columns-4 .gallery-item,.elementor-image-gallery .gallery.gallery-columns-5 .gallery-item,.elementor-image-gallery .gallery.gallery-columns-6 .gallery-item,.elementor-image-gallery .gallery.gallery-columns-7 .gallery-item,.elementor-image-gallery .gallery.gallery-columns-8 .gallery-item,.elementor-image-gallery .gallery.gallery-columns-9 .gallery-item,.elementor-image-gallery .gallery.gallery-columns-10 .gallery-item{max-width:100%}}<\/style>\t\t<div class=\"elementor-image-gallery\">\n\t\t\t<div id='gallery-1' class='gallery galleryid-2915 gallery-columns-1 gallery-size-full'><figure class='gallery-item'>\n\t\t\t<div class='gallery-icon landscape'>\n\t\t\t\t<a data-elementor-open-lightbox=\"yes\" data-elementor-lightbox-slideshow=\"c223278\" data-e-action-hash=\"#elementor-action%3Aaction%3Dlightbox%26settings%3DeyJpZCI6MjYzMCwidXJsIjoiaHR0cHM6XC9cL29yaW9sYWxiYWlnZXMuY29tXC93cC1jb250ZW50XC91cGxvYWRzXC8yMDIzXC8wNFwvU2VuZWdhbC0yMDA4LTIzNS0yLmpwZyIsInNsaWRlc2hvdyI6ImMyMjMyNzgifQ%3D%3D\" href='https:\/\/oriolalbaiges.com\/wp-content\/uploads\/2023\/04\/Senegal-2008-235-2.jpg'><img loading=\"lazy\" decoding=\"async\" width=\"1500\" height=\"1125\" src=\"https:\/\/oriolalbaiges.com\/wp-content\/uploads\/2023\/04\/Senegal-2008-235-2.jpg\" class=\"attachment-full size-full\" alt=\"\" srcset=\"https:\/\/oriolalbaiges.com\/wp-content\/uploads\/2023\/04\/Senegal-2008-235-2.jpg 1500w, https:\/\/oriolalbaiges.com\/wp-content\/uploads\/2023\/04\/Senegal-2008-235-2-300x225.jpg 300w, https:\/\/oriolalbaiges.com\/wp-content\/uploads\/2023\/04\/Senegal-2008-235-2-1024x768.jpg 1024w, https:\/\/oriolalbaiges.com\/wp-content\/uploads\/2023\/04\/Senegal-2008-235-2-768x576.jpg 768w\" sizes=\"auto, (max-width: 1500px) 100vw, 1500px\" \/><\/a>\n\t\t\t<\/div><\/figure><figure class='gallery-item'>\n\t\t\t<div class='gallery-icon landscape'>\n\t\t\t\t<a data-elementor-open-lightbox=\"yes\" data-elementor-lightbox-slideshow=\"c223278\" data-e-action-hash=\"#elementor-action%3Aaction%3Dlightbox%26settings%3DeyJpZCI6MjYyOSwidXJsIjoiaHR0cHM6XC9cL29yaW9sYWxiYWlnZXMuY29tXC93cC1jb250ZW50XC91cGxvYWRzXC8yMDIzXC8wNFwvWTZBMzMyNS1jb3BpYS5qcGciLCJzbGlkZXNob3ciOiJjMjIzMjc4In0%3D\" href='https:\/\/oriolalbaiges.com\/wp-content\/uploads\/2023\/04\/Y6A3325-copia.jpg'><img loading=\"lazy\" decoding=\"async\" width=\"1500\" height=\"1000\" src=\"https:\/\/oriolalbaiges.com\/wp-content\/uploads\/2023\/04\/Y6A3325-copia.jpg\" class=\"attachment-full size-full\" alt=\"\" srcset=\"https:\/\/oriolalbaiges.com\/wp-content\/uploads\/2023\/04\/Y6A3325-copia.jpg 1500w, https:\/\/oriolalbaiges.com\/wp-content\/uploads\/2023\/04\/Y6A3325-copia-300x200.jpg 300w, https:\/\/oriolalbaiges.com\/wp-content\/uploads\/2023\/04\/Y6A3325-copia-1024x683.jpg 1024w, https:\/\/oriolalbaiges.com\/wp-content\/uploads\/2023\/04\/Y6A3325-copia-768x512.jpg 768w\" sizes=\"auto, (max-width: 1500px) 100vw, 1500px\" \/><\/a>\n\t\t\t<\/div><\/figure><figure class='gallery-item'>\n\t\t\t<div class='gallery-icon landscape'>\n\t\t\t\t<a data-elementor-open-lightbox=\"yes\" data-elementor-lightbox-slideshow=\"c223278\" data-e-action-hash=\"#elementor-action%3Aaction%3Dlightbox%26settings%3DeyJpZCI6MzA2MywidXJsIjoiaHR0cHM6XC9cL29yaW9sYWxiYWlnZXMuY29tXC93cC1jb250ZW50XC91cGxvYWRzXC8yMDI0XC8wM1wvODk0QTA1MjMtTWVqb3JhZG8tTlIuanBnIiwic2xpZGVzaG93IjoiYzIyMzI3OCJ9\" href='https:\/\/oriolalbaiges.com\/wp-content\/uploads\/2024\/03\/894A0523-Mejorado-NR.jpg'><img loading=\"lazy\" decoding=\"async\" width=\"1500\" height=\"1000\" src=\"https:\/\/oriolalbaiges.com\/wp-content\/uploads\/2024\/03\/894A0523-Mejorado-NR.jpg\" class=\"attachment-full size-full\" alt=\"\" srcset=\"https:\/\/oriolalbaiges.com\/wp-content\/uploads\/2024\/03\/894A0523-Mejorado-NR.jpg 1500w, https:\/\/oriolalbaiges.com\/wp-content\/uploads\/2024\/03\/894A0523-Mejorado-NR-300x200.jpg 300w, https:\/\/oriolalbaiges.com\/wp-content\/uploads\/2024\/03\/894A0523-Mejorado-NR-1024x683.jpg 1024w, https:\/\/oriolalbaiges.com\/wp-content\/uploads\/2024\/03\/894A0523-Mejorado-NR-768x512.jpg 768w\" sizes=\"auto, (max-width: 1500px) 100vw, 1500px\" \/><\/a>\n\t\t\t<\/div><\/figure><figure class='gallery-item'>\n\t\t\t<div class='gallery-icon landscape'>\n\t\t\t\t<a data-elementor-open-lightbox=\"yes\" data-elementor-lightbox-slideshow=\"c223278\" data-e-action-hash=\"#elementor-action%3Aaction%3Dlightbox%26settings%3DeyJpZCI6MzA2NCwidXJsIjoiaHR0cHM6XC9cL29yaW9sYWxiYWlnZXMuY29tXC93cC1jb250ZW50XC91cGxvYWRzXC8yMDI0XC8wM1wvODk0QTA1MzgtTWVqb3JhZG8tTlIuanBnIiwic2xpZGVzaG93IjoiYzIyMzI3OCJ9\" href='https:\/\/oriolalbaiges.com\/wp-content\/uploads\/2024\/03\/894A0538-Mejorado-NR.jpg'><img loading=\"lazy\" decoding=\"async\" width=\"1500\" height=\"1000\" src=\"https:\/\/oriolalbaiges.com\/wp-content\/uploads\/2024\/03\/894A0538-Mejorado-NR.jpg\" class=\"attachment-full size-full\" alt=\"\" srcset=\"https:\/\/oriolalbaiges.com\/wp-content\/uploads\/2024\/03\/894A0538-Mejorado-NR.jpg 1500w, https:\/\/oriolalbaiges.com\/wp-content\/uploads\/2024\/03\/894A0538-Mejorado-NR-300x200.jpg 300w, https:\/\/oriolalbaiges.com\/wp-content\/uploads\/2024\/03\/894A0538-Mejorado-NR-1024x683.jpg 1024w, https:\/\/oriolalbaiges.com\/wp-content\/uploads\/2024\/03\/894A0538-Mejorado-NR-768x512.jpg 768w\" sizes=\"auto, (max-width: 1500px) 100vw, 1500px\" \/><\/a>\n\t\t\t<\/div><\/figure><figure class='gallery-item'>\n\t\t\t<div class='gallery-icon portrait'>\n\t\t\t\t<a data-elementor-open-lightbox=\"yes\" data-elementor-lightbox-slideshow=\"c223278\" data-e-action-hash=\"#elementor-action%3Aaction%3Dlightbox%26settings%3DeyJpZCI6MjYzNCwidXJsIjoiaHR0cHM6XC9cL29yaW9sYWxiYWlnZXMuY29tXC93cC1jb250ZW50XC91cGxvYWRzXC8yMDIzXC8wNFwvUDEwMTA0MjItMi5qcGciLCJzbGlkZXNob3ciOiJjMjIzMjc4In0%3D\" href='https:\/\/oriolalbaiges.com\/wp-content\/uploads\/2023\/04\/P1010422-2.jpg'><img loading=\"lazy\" decoding=\"async\" width=\"767\" height=\"1000\" src=\"https:\/\/oriolalbaiges.com\/wp-content\/uploads\/2023\/04\/P1010422-2.jpg\" class=\"attachment-full size-full\" alt=\"\" srcset=\"https:\/\/oriolalbaiges.com\/wp-content\/uploads\/2023\/04\/P1010422-2.jpg 767w, https:\/\/oriolalbaiges.com\/wp-content\/uploads\/2023\/04\/P1010422-2-230x300.jpg 230w\" sizes=\"auto, (max-width: 767px) 100vw, 767px\" \/><\/a>\n\t\t\t<\/div><\/figure><figure class='gallery-item'>\n\t\t\t<div class='gallery-icon landscape'>\n\t\t\t\t<a data-elementor-open-lightbox=\"yes\" data-elementor-lightbox-slideshow=\"c223278\" data-e-action-hash=\"#elementor-action%3Aaction%3Dlightbox%26settings%3DeyJpZCI6MjU2NiwidXJsIjoiaHR0cHM6XC9cL29yaW9sYWxiYWlnZXMuY29tXC93cC1jb250ZW50XC91cGxvYWRzXC8yMDIzXC8wNFwvWTZBMTI2OC5qcGciLCJzbGlkZXNob3ciOiJjMjIzMjc4In0%3D\" href='https:\/\/oriolalbaiges.com\/wp-content\/uploads\/2023\/04\/Y6A1268.jpg'><img loading=\"lazy\" decoding=\"async\" width=\"1500\" height=\"1000\" src=\"https:\/\/oriolalbaiges.com\/wp-content\/uploads\/2023\/04\/Y6A1268.jpg\" class=\"attachment-full size-full\" alt=\"\" srcset=\"https:\/\/oriolalbaiges.com\/wp-content\/uploads\/2023\/04\/Y6A1268.jpg 1500w, https:\/\/oriolalbaiges.com\/wp-content\/uploads\/2023\/04\/Y6A1268-300x200.jpg 300w, https:\/\/oriolalbaiges.com\/wp-content\/uploads\/2023\/04\/Y6A1268-1024x683.jpg 1024w, https:\/\/oriolalbaiges.com\/wp-content\/uploads\/2023\/04\/Y6A1268-768x512.jpg 768w\" sizes=\"auto, (max-width: 1500px) 100vw, 1500px\" \/><\/a>\n\t\t\t<\/div><\/figure><figure class='gallery-item'>\n\t\t\t<div class='gallery-icon landscape'>\n\t\t\t\t<a data-elementor-open-lightbox=\"yes\" data-elementor-lightbox-slideshow=\"c223278\" data-e-action-hash=\"#elementor-action%3Aaction%3Dlightbox%26settings%3DeyJpZCI6MjYxMSwidXJsIjoiaHR0cHM6XC9cL29yaW9sYWxiYWlnZXMuY29tXC93cC1jb250ZW50XC91cGxvYWRzXC8yMDIzXC8wNFwvRFk2QTc5NzkuanBnIiwic2xpZGVzaG93IjoiYzIyMzI3OCJ9\" href='https:\/\/oriolalbaiges.com\/wp-content\/uploads\/2023\/04\/DY6A7979.jpg'><img loading=\"lazy\" decoding=\"async\" width=\"1500\" height=\"1000\" src=\"https:\/\/oriolalbaiges.com\/wp-content\/uploads\/2023\/04\/DY6A7979.jpg\" class=\"attachment-full size-full\" alt=\"\" srcset=\"https:\/\/oriolalbaiges.com\/wp-content\/uploads\/2023\/04\/DY6A7979.jpg 1500w, https:\/\/oriolalbaiges.com\/wp-content\/uploads\/2023\/04\/DY6A7979-300x200.jpg 300w, https:\/\/oriolalbaiges.com\/wp-content\/uploads\/2023\/04\/DY6A7979-1024x683.jpg 1024w, https:\/\/oriolalbaiges.com\/wp-content\/uploads\/2023\/04\/DY6A7979-768x512.jpg 768w\" sizes=\"auto, (max-width: 1500px) 100vw, 1500px\" \/><\/a>\n\t\t\t<\/div><\/figure><figure class='gallery-item'>\n\t\t\t<div class='gallery-icon landscape'>\n\t\t\t\t<a data-elementor-open-lightbox=\"yes\" data-elementor-lightbox-slideshow=\"c223278\" data-e-action-hash=\"#elementor-action%3Aaction%3Dlightbox%26settings%3DeyJpZCI6MjU4MywidXJsIjoiaHR0cHM6XC9cL29yaW9sYWxiYWlnZXMuY29tXC93cC1jb250ZW50XC91cGxvYWRzXC8yMDIzXC8wNFwvWTZBNzU1My5qcGciLCJzbGlkZXNob3ciOiJjMjIzMjc4In0%3D\" href='https:\/\/oriolalbaiges.com\/wp-content\/uploads\/2023\/04\/Y6A7553.jpg'><img loading=\"lazy\" decoding=\"async\" width=\"1500\" height=\"1000\" src=\"https:\/\/oriolalbaiges.com\/wp-content\/uploads\/2023\/04\/Y6A7553.jpg\" class=\"attachment-full size-full\" alt=\"\" srcset=\"https:\/\/oriolalbaiges.com\/wp-content\/uploads\/2023\/04\/Y6A7553.jpg 1500w, https:\/\/oriolalbaiges.com\/wp-content\/uploads\/2023\/04\/Y6A7553-300x200.jpg 300w, https:\/\/oriolalbaiges.com\/wp-content\/uploads\/2023\/04\/Y6A7553-1024x683.jpg 1024w, https:\/\/oriolalbaiges.com\/wp-content\/uploads\/2023\/04\/Y6A7553-768x512.jpg 768w\" sizes=\"auto, (max-width: 1500px) 100vw, 1500px\" \/><\/a>\n\t\t\t<\/div><\/figure><figure class='gallery-item'>\n\t\t\t<div class='gallery-icon landscape'>\n\t\t\t\t<a data-elementor-open-lightbox=\"yes\" data-elementor-lightbox-slideshow=\"c223278\" data-e-action-hash=\"#elementor-action%3Aaction%3Dlightbox%26settings%3DeyJpZCI6MjU4NywidXJsIjoiaHR0cHM6XC9cL29yaW9sYWxiYWlnZXMuY29tXC93cC1jb250ZW50XC91cGxvYWRzXC8yMDIzXC8wNFwvMTcyUDEyNzA4NTMuanBnIiwic2xpZGVzaG93IjoiYzIyMzI3OCJ9\" href='https:\/\/oriolalbaiges.com\/wp-content\/uploads\/2023\/04\/172P1270853.jpg'><img loading=\"lazy\" decoding=\"async\" width=\"1500\" height=\"1125\" src=\"https:\/\/oriolalbaiges.com\/wp-content\/uploads\/2023\/04\/172P1270853.jpg\" class=\"attachment-full size-full\" alt=\"\" srcset=\"https:\/\/oriolalbaiges.com\/wp-content\/uploads\/2023\/04\/172P1270853.jpg 1500w, https:\/\/oriolalbaiges.com\/wp-content\/uploads\/2023\/04\/172P1270853-300x225.jpg 300w, https:\/\/oriolalbaiges.com\/wp-content\/uploads\/2023\/04\/172P1270853-1024x768.jpg 1024w, https:\/\/oriolalbaiges.com\/wp-content\/uploads\/2023\/04\/172P1270853-768x576.jpg 768w\" sizes=\"auto, (max-width: 1500px) 100vw, 1500px\" \/><\/a>\n\t\t\t<\/div><\/figure><figure class='gallery-item'>\n\t\t\t<div class='gallery-icon landscape'>\n\t\t\t\t<a data-elementor-open-lightbox=\"yes\" data-elementor-lightbox-slideshow=\"c223278\" data-e-action-hash=\"#elementor-action%3Aaction%3Dlightbox%26settings%3DeyJpZCI6MjYxNiwidXJsIjoiaHR0cHM6XC9cL29yaW9sYWxiYWlnZXMuY29tXC93cC1jb250ZW50XC91cGxvYWRzXC8yMDIzXC8wNFwvU2VuZWdhbC0yMDA4LTMyMS0yLmpwZyIsInNsaWRlc2hvdyI6ImMyMjMyNzgifQ%3D%3D\" href='https:\/\/oriolalbaiges.com\/wp-content\/uploads\/2023\/04\/Senegal-2008-321-2.jpg'><img loading=\"lazy\" decoding=\"async\" width=\"1500\" height=\"1125\" src=\"https:\/\/oriolalbaiges.com\/wp-content\/uploads\/2023\/04\/Senegal-2008-321-2.jpg\" class=\"attachment-full size-full\" alt=\"\" srcset=\"https:\/\/oriolalbaiges.com\/wp-content\/uploads\/2023\/04\/Senegal-2008-321-2.jpg 1500w, https:\/\/oriolalbaiges.com\/wp-content\/uploads\/2023\/04\/Senegal-2008-321-2-300x225.jpg 300w, https:\/\/oriolalbaiges.com\/wp-content\/uploads\/2023\/04\/Senegal-2008-321-2-1024x768.jpg 1024w, https:\/\/oriolalbaiges.com\/wp-content\/uploads\/2023\/04\/Senegal-2008-321-2-768x576.jpg 768w\" sizes=\"auto, (max-width: 1500px) 100vw, 1500px\" \/><\/a>\n\t\t\t<\/div><\/figure><figure class='gallery-item'>\n\t\t\t<div class='gallery-icon landscape'>\n\t\t\t\t<a data-elementor-open-lightbox=\"yes\" data-elementor-lightbox-slideshow=\"c223278\" data-e-action-hash=\"#elementor-action%3Aaction%3Dlightbox%26settings%3DeyJpZCI6MzA2NiwidXJsIjoiaHR0cHM6XC9cL29yaW9sYWxiYWlnZXMuY29tXC93cC1jb250ZW50XC91cGxvYWRzXC8yMDI0XC8wM1wvODk0QTAyNjAuanBnIiwic2xpZGVzaG93IjoiYzIyMzI3OCJ9\" href='https:\/\/oriolalbaiges.com\/wp-content\/uploads\/2024\/03\/894A0260.jpg'><img loading=\"lazy\" decoding=\"async\" width=\"1500\" height=\"1000\" src=\"https:\/\/oriolalbaiges.com\/wp-content\/uploads\/2024\/03\/894A0260.jpg\" class=\"attachment-full size-full\" alt=\"\" srcset=\"https:\/\/oriolalbaiges.com\/wp-content\/uploads\/2024\/03\/894A0260.jpg 1500w, https:\/\/oriolalbaiges.com\/wp-content\/uploads\/2024\/03\/894A0260-300x200.jpg 300w, https:\/\/oriolalbaiges.com\/wp-content\/uploads\/2024\/03\/894A0260-1024x683.jpg 1024w, https:\/\/oriolalbaiges.com\/wp-content\/uploads\/2024\/03\/894A0260-768x512.jpg 768w\" sizes=\"auto, (max-width: 1500px) 100vw, 1500px\" \/><\/a>\n\t\t\t<\/div><\/figure><figure class='gallery-item'>\n\t\t\t<div class='gallery-icon portrait'>\n\t\t\t\t<a data-elementor-open-lightbox=\"yes\" data-elementor-lightbox-slideshow=\"c223278\" data-e-action-hash=\"#elementor-action%3Aaction%3Dlightbox%26settings%3DeyJpZCI6MjcwMywidXJsIjoiaHR0cHM6XC9cL29yaW9sYWxiYWlnZXMuY29tXC93cC1jb250ZW50XC91cGxvYWRzXC8yMDIzXC8wNFwvU2VuZWdhbC0yMDA4LTI4Ny5qcGciLCJzbGlkZXNob3ciOiJjMjIzMjc4In0%3D\" href='https:\/\/oriolalbaiges.com\/wp-content\/uploads\/2023\/04\/Senegal-2008-287.jpg'><img loading=\"lazy\" decoding=\"async\" width=\"750\" height=\"1000\" src=\"https:\/\/oriolalbaiges.com\/wp-content\/uploads\/2023\/04\/Senegal-2008-287.jpg\" class=\"attachment-full size-full\" alt=\"\" srcset=\"https:\/\/oriolalbaiges.com\/wp-content\/uploads\/2023\/04\/Senegal-2008-287.jpg 750w, https:\/\/oriolalbaiges.com\/wp-content\/uploads\/2023\/04\/Senegal-2008-287-225x300.jpg 225w\" sizes=\"auto, (max-width: 750px) 100vw, 750px\" \/><\/a>\n\t\t\t<\/div><\/figure><figure class='gallery-item'>\n\t\t\t<div class='gallery-icon portrait'>\n\t\t\t\t<a data-elementor-open-lightbox=\"yes\" data-elementor-lightbox-slideshow=\"c223278\" data-e-action-hash=\"#elementor-action%3Aaction%3Dlightbox%26settings%3DeyJpZCI6MjYyNCwidXJsIjoiaHR0cHM6XC9cL29yaW9sYWxiYWlnZXMuY29tXC93cC1jb250ZW50XC91cGxvYWRzXC8yMDIzXC8wNFwvUDEwNTAxMzEuanBnIiwic2xpZGVzaG93IjoiYzIyMzI3OCJ9\" href='https:\/\/oriolalbaiges.com\/wp-content\/uploads\/2023\/04\/P1050131.jpg'><img loading=\"lazy\" decoding=\"async\" width=\"750\" height=\"1000\" src=\"https:\/\/oriolalbaiges.com\/wp-content\/uploads\/2023\/04\/P1050131.jpg\" class=\"attachment-full size-full\" alt=\"\" srcset=\"https:\/\/oriolalbaiges.com\/wp-content\/uploads\/2023\/04\/P1050131.jpg 750w, https:\/\/oriolalbaiges.com\/wp-content\/uploads\/2023\/04\/P1050131-225x300.jpg 225w\" sizes=\"auto, (max-width: 750px) 100vw, 750px\" \/><\/a>\n\t\t\t<\/div><\/figure>\n\t\t<\/div>\n\t\t<\/div>\n\t\t\t\t<\/div>\n\t\t\t\t<\/div>\n\t\t\t\t\t<\/div>\n\t\t<\/div>\n\t\t\t\t\t\t\t<\/div>\n\t\t<\/section>\n\t\t\t\t\t\t\t<\/div>\n\t\t","protected":false},"excerpt":{"rendered":"<p>ITINER\u00c0NCIES En la seva ess\u00e8ncia,\u00a0itiner\u00e0ncia \u00e9s moviment, transformaci\u00f3, transitorietat, una idea que ens enfronta a la imperman\u00e8ncia de totes les coses. Res no est\u00e0 est\u00e0tic o immutable; tot est\u00e0 subjecte al pas del temps i a la llei del canvi. Aix\u00ed com les estacions de l&#8217;any se succeeixen en un cicle etern de naixement, creixement, &hellip;<\/p>\n<p class=\"read-more\"> <a class=\"\" href=\"https:\/\/oriolalbaiges.com\/index.php\/itinerancies\/\"> <span class=\"screen-reader-text\">ITINER\u00c0NCIES<\/span> Read More &raquo;<\/a><\/p>\n","protected":false},"author":1,"featured_media":0,"parent":0,"menu_order":0,"comment_status":"closed","ping_status":"closed","template":"","meta":{"_uag_custom_page_level_css":"","site-sidebar-layout":"no-sidebar","site-content-layout":"page-builder","ast-global-header-display":"","ast-main-header-display":"","ast-hfb-above-header-display":"","ast-hfb-below-header-display":"","ast-hfb-mobile-header-display":"","site-post-title":"disabled","ast-breadcrumbs-content":"","ast-featured-img":"disabled","footer-sml-layout":"","theme-transparent-header-meta":"","adv-header-id-meta":"","stick-header-meta":"","header-above-stick-meta":"","header-main-stick-meta":"","header-below-stick-meta":"","ngg_post_thumbnail":0,"footnotes":""},"class_list":["post-2915","page","type-page","status-publish","hentry"],"uagb_featured_image_src":{"full":false,"thumbnail":false,"medium":false,"medium_large":false,"large":false,"RoboGalleryMansoryImagesCenter":false,"RoboGalleryPreload":false,"1536x1536":false,"2048x2048":false},"uagb_author_info":{"display_name":"oriolalbaiges","author_link":"https:\/\/oriolalbaiges.com\/index.php\/author\/oriolalbaiges\/"},"uagb_comment_info":0,"uagb_excerpt":"ITINER\u00c0NCIES En la seva ess\u00e8ncia,\u00a0itiner\u00e0ncia \u00e9s moviment, transformaci\u00f3, transitorietat, una idea que ens enfronta a la imperman\u00e8ncia de totes les coses. Res no est\u00e0 est\u00e0tic o immutable; tot est\u00e0 subjecte al pas del temps i a la llei del canvi. Aix\u00ed com les estacions de l&#8217;any se succeeixen en un cicle etern de naixement, creixement,&hellip;","_links":{"self":[{"href":"https:\/\/oriolalbaiges.com\/index.php\/wp-json\/wp\/v2\/pages\/2915","targetHints":{"allow":["GET"]}}],"collection":[{"href":"https:\/\/oriolalbaiges.com\/index.php\/wp-json\/wp\/v2\/pages"}],"about":[{"href":"https:\/\/oriolalbaiges.com\/index.php\/wp-json\/wp\/v2\/types\/page"}],"author":[{"embeddable":true,"href":"https:\/\/oriolalbaiges.com\/index.php\/wp-json\/wp\/v2\/users\/1"}],"replies":[{"embeddable":true,"href":"https:\/\/oriolalbaiges.com\/index.php\/wp-json\/wp\/v2\/comments?post=2915"}],"version-history":[{"count":25,"href":"https:\/\/oriolalbaiges.com\/index.php\/wp-json\/wp\/v2\/pages\/2915\/revisions"}],"predecessor-version":[{"id":3267,"href":"https:\/\/oriolalbaiges.com\/index.php\/wp-json\/wp\/v2\/pages\/2915\/revisions\/3267"}],"wp:attachment":[{"href":"https:\/\/oriolalbaiges.com\/index.php\/wp-json\/wp\/v2\/media?parent=2915"}],"curies":[{"name":"wp","href":"https:\/\/api.w.org\/{rel}","templated":true}]}}